{"id":479,"date":"2017-08-06T11:50:52","date_gmt":"2017-08-06T09:50:52","guid":{"rendered":"http:\/\/10.80.100.77\/knorr\/?page_id=479"},"modified":"2025-11-28T16:44:11","modified_gmt":"2025-11-28T15:44:11","slug":"datenschutzerklaerung","status":"publish","type":"page","link":"https:\/\/www.kpconsult.de\/index.php\/datenschutzerklaerung\/","title":{"rendered":"Datenschutzerkl\u00e4rung"},"content":{"rendered":"<div class=\"flex_column av_one_full  flex_column_div av-zero-column-padding first  avia-builder-el-0  avia-builder-el-no-sibling  \" style='border-radius:0px; '><p><div  style='padding-bottom:10px; ' class='av-special-heading av-special-heading-h2    avia-builder-el-1  el_before_av_textblock  avia-builder-el-first  '><h2 class='av-special-heading-tag '  itemprop=\"headline\"  >Datenschutz<\/h2><div class='special-heading-border'><div class='special-heading-inner-border' ><\/div><\/div><\/div><br \/>\n<section class=\"av_textblock_section \"  itemscope=\"itemscope\" itemtype=\"https:\/\/schema.org\/CreativeWork\" ><div class='avia_textblock  '   itemprop=\"text\" ><p>Datenschutzerkl\u00e4rung f\u00fcr KPC-Webseite (auf DS-GVO abgestimmt)<\/p>\n<ul>\n<li><strong>1 Information \u00fcber die Erhebung personenbezogener Daten<\/strong><\/li>\n<\/ul>\n<p>(1) Im Folgenden informieren wir \u00fcber die Erhebung personenbezogener Daten bei Nutzung unserer Website. Personenbezogene Daten sind alle Daten, die auf Sie pers\u00f6nlich beziehbar sind, z. B. Name, Adresse, E-Mail-Adressen, Nutzerverhalten.<\/p>\n<p>(2) Verantwortlicher gem. Art.\u00a04 Abs.\u00a07 EU-Datenschutz-Grundverordnung (DS-GVO) (siehe unser Impressum):<\/p>\n<p>KPConsult<\/p>\n<p>Ingenieure, Informatiker, IT-Consultants<\/p>\n<p>Im Pinderpark 7, D-90513 Zirndorf<\/p>\n<p>info@kpconsult.de<\/p>\n<p>(3) Bei Ihrer Kontaktaufnahme mit uns per E-Mail werden die von Ihnen mitgeteilten Daten (Ihre E-Mail-Adresse, ggf. Ihr Name und Ihre Telefonnummer) von uns gespeichert, um Ihre Fragen zu beantworten. Die in diesem Zusammenhang anfallenden Daten l\u00f6schen wir, nachdem die Speicherung nicht mehr erforderlich ist, oder schr\u00e4nken die Verarbeitung ein, falls gesetzliche Aufbewahrungspflichten bestehen.<\/p>\n<p>(4) Falls wir f\u00fcr einzelne Funktionen unseres Angebots auf beauftragte Dienstleister zur\u00fcckgreifen oder Ihre Daten f\u00fcr werbliche Zwecke nutzen m\u00f6chten, werden wir Sie untenstehend im Detail \u00fcber die jeweiligen Vorg\u00e4nge informieren. Dabei nennen wir auch die festgelegten Kriterien der Speicherdauer.<\/p>\n<ul>\n<li><strong>2 Ihre Rechte<\/strong><\/li>\n<\/ul>\n<p>(1) Sie haben gegen\u00fcber uns folgende Rechte hinsichtlich der Sie betreffenden personenbezogenen Daten:<\/p>\n<p>\u2013\u00a0\u00a0\u00a0 Recht auf Auskunft,<\/p>\n<p>\u2013\u00a0\u00a0\u00a0 Recht auf Berichtigung oder L\u00f6schung,<\/p>\n<p>\u2013\u00a0\u00a0\u00a0 Recht auf Einschr\u00e4nkung der Verarbeitung,<\/p>\n<p>\u2013\u00a0\u00a0\u00a0 Recht auf Widerspruch gegen die Verarbeitung,<\/p>\n<p>\u2013\u00a0\u00a0\u00a0 Recht auf Daten\u00fcbertragbarkeit.<\/p>\n<p>(2) Sie haben zudem das Recht, sich bei einer Datenschutz-Aufsichtsbeh\u00f6rde \u00fcber die Verarbeitung Ihrer personenbezogenen Daten durch uns zu beschweren.<\/p>\n<ul>\n<li><strong>3 Erhebung personenbezogener Daten bei Besuch unserer Website<\/strong><\/li>\n<\/ul>\n<p>(1) Bei der blo\u00df informatorischen Nutzung der Website, also wenn Sie sich nicht registrieren oder uns anderweitig Informationen \u00fcbermitteln, erheben wir nur die personenbezogenen Daten, die Ihr Browser an unseren Server \u00fcbermittelt. Wenn Sie unsere Website betrachten m\u00f6chten, erheben wir die folgenden Daten, die f\u00fcr uns technisch erforderlich sind, um Ihnen unsere Website anzuzeigen und die Stabilit\u00e4t und Sicherheit zu gew\u00e4hrleisten (Rechtsgrundlage ist Art.\u00a06 Abs.\u00a01 S.\u00a01 lit. f DS-GVO):<\/p>\n<p>\u2013\u00a0\u00a0\u00a0 IP-Adresse<\/p>\n<p>\u2013\u00a0\u00a0\u00a0 Datum und Uhrzeit der Anfrage<\/p>\n<p>\u2013\u00a0\u00a0\u00a0 Zeitzonendifferenz zur Greenwich Mean Time (GMT)<\/p>\n<p>\u2013\u00a0\u00a0\u00a0 Inhalt der Anforderung (konkrete Seite)<\/p>\n<p>\u2013\u00a0\u00a0\u00a0 Zugriffsstatus\/HTTP-Statuscode<\/p>\n<p>\u2013\u00a0\u00a0\u00a0 jeweils \u00fcbertragene Datenmenge<\/p>\n<p>\u2013\u00a0\u00a0\u00a0 Website, von der die Anforderung kommt<\/p>\n<p>\u2013\u00a0\u00a0\u00a0 Browser<\/p>\n<p>\u2013\u00a0\u00a0\u00a0 Betriebssystem und dessen Oberfl\u00e4che<\/p>\n<p>\u2013\u00a0\u00a0\u00a0 Sprache und Version der Browsersoftware.<\/p>\n<p>(2) Zus\u00e4tzlich zu den zuvor genannten Daten werden bei Ihrer Nutzung unserer Website Cookies auf Ihrem Rechner gespeichert. Bei Cookies handelt es sich um kleine Textdateien, die auf Ihrer Festplatte dem von Ihnen verwendeten Browser zugeordnet gespeichert werden und durch welche der Stelle, die den Cookie setzt (hier durch uns), bestimmte Informationen zuflie\u00dfen. Cookies k\u00f6nnen keine Programme ausf\u00fchren oder Viren auf Ihren Computer \u00fcbertragen. Sie dienen dazu, das Internetangebot insgesamt nutzerfreundlicher und effektiver zu machen.<\/p>\n<p>(3) Einsatz von Cookies:<\/p>\n<ol>\n<li>a) Diese Website nutzt folgende Arten von Cookies, deren Umfang und Funktionsweise im Folgenden erl\u00e4utert werden:<\/li>\n<\/ol>\n<p>\u2013\u00a0\u00a0\u00a0 Transiente Cookies (dazu b)<\/p>\n<p>\u2013\u00a0\u00a0\u00a0 Persistente Cookies (dazu c).<\/p>\n<ol>\n<li>b) Transiente Cookies werden automatisiert gel\u00f6scht, wenn Sie den Browser schlie\u00dfen. Dazu z\u00e4hlen insbesondere die Session-Cookies. Diese speichern eine sogenannte Session-ID, mit welcher sich verschiedene Anfragen Ihres Browsers der gemeinsamen Sitzung zuordnen lassen. Dadurch kann Ihr Rechner wiedererkannt werden, wenn Sie auf unsere Website zur\u00fcckkehren. Die Session-Cookies werden gel\u00f6scht, wenn Sie sich ausloggen oder den Browser schlie\u00dfen.<\/li>\n<li>c) Persistente Cookies werden automatisiert nach einer vorgegebenen Dauer gel\u00f6scht, die sich je nach Cookie unterscheiden kann. Sie k\u00f6nnen die Cookies in den Sicherheitseinstellungen Ihres Browsers jederzeit l\u00f6schen.<\/li>\n<li>d) Sie k\u00f6nnen Ihre Browser-Einstellung entsprechend Ihren W\u00fcnschen konfigurieren und z. B. die Annahme von Third-Party-Cookies oder allen Cookies ablehnen. Wir weisen Sie darauf hin, dass Sie eventuell nicht alle Funktionen dieser Website nutzen k\u00f6nnen.<\/li>\n<li>e) Wir setzen Cookies ein, um Sie f\u00fcr Folgebesuche identifizieren zu k\u00f6nnen, falls Sie \u00fcber einen Account bei uns verf\u00fcgen. Andernfalls m\u00fcssten Sie sich f\u00fcr jeden Besuch erneut einloggen.<\/li>\n<\/ol>\n<ul>\n<li><strong>4 Kein Einsatz von Google Analytics<\/strong><\/li>\n<\/ul>\n<p>(1) Wir setzen Google Analytics auf unserer Webseite nicht ein.<\/p>\n<ul>\n<li><strong>5 Cookie-Einwilligung mit Usercentrics<\/strong><\/li>\n<\/ul>\n<p>Diese Website nutzt die Cookie-Consent-Technologie von Usercentrics, um Ihre Einwilligung zur Speicherung bestimmter Cookies auf Ihrem Endger\u00e4t oder zum Einsatz bestimmter Technologien einzuholen und diese datenschutzkonform zu dokumentieren. Anbieter dieser Technologie ist die Usercentrics GmbH, Rosental 4, 80331 M\u00fcnchen, Website: <a href=\"https:\/\/usercentrics.com\/de\/\" target=\"_blank\" rel=\"noopener noreferrer\">https:\/\/usercentrics.com\/de\/<\/a> (im Folgenden \u201eUsercentrics\u201c).<\/p>\n<p>Wenn Sie unsere Website betreten, werden folgende personenbezogene Daten an Usercentrics \u00fcbertragen:<\/p>\n<ul>\n<li>Ihre Einwilligung(en) bzw. der Widerruf Ihrer Einwilligung(en)<\/li>\n<li>Ihre IP-Adresse<\/li>\n<li>Informationen \u00fcber Ihren Browser<\/li>\n<li>Informationen \u00fcber Ihr Endger\u00e4t<\/li>\n<li>Zeitpunkt Ihres Besuchs auf der Website<\/li>\n<\/ul>\n<p>Des Weiteren speichert Usercentrics ein Cookie in Ihrem Browser, um Ihnen die erteilten Einwilligungen bzw. deren Widerruf zuordnen zu k\u00f6nnen. Die so erfassten Daten werden gespeichert, bis Sie uns zur L\u00f6schung auffordern, das Usercentrics-Cookie selbst l\u00f6schen oder der Zweck f\u00fcr die Datenspeicherung entf\u00e4llt. Zwingende gesetzliche Aufbewahrungspflichten bleiben unber\u00fchrt.<\/p>\n<p>Der Einsatz von Usercentrics erfolgt, um die gesetzlich vorgeschriebenen Einwilligungen f\u00fcr den Einsatz bestimmter Technologien einzuholen. Rechtsgrundlage hierf\u00fcr ist Art. 6 Abs. 1 S. 1 lit. c DSGVO.<\/p>\n<p><strong>Vertrag \u00fcber Auftragsverarbeitung<\/strong><\/p>\n<p>Wir haben einen Vertrag \u00fcber Auftragsverarbeitung mit Usercentrics geschlossen. Hierbei handelt es sich um einen datenschutzrechtlich vorgeschriebenen Vertrag, der gew\u00e4hrleistet, dass Usercentrics die personenbezogenen Daten unserer Websitebesucher nur nach unseren Weisungen und unter Einhaltung der der DSGVO verarbeitet.<\/p>\n<\/div><\/section><\/p><\/div>\n","protected":false},"excerpt":{"rendered":"","protected":false},"author":2,"featured_media":0,"parent":0,"menu_order":0,"comment_status":"closed","ping_status":"closed","template":"","meta":{"footnotes":""},"class_list":["post-479","page","type-page","status-publish","hentry"],"_links":{"self":[{"href":"https:\/\/www.kpconsult.de\/index.php\/wp-json\/wp\/v2\/pages\/479"}],"collection":[{"href":"https:\/\/www.kpconsult.de\/index.php\/wp-json\/wp\/v2\/pages"}],"about":[{"href":"https:\/\/www.kpconsult.de\/index.php\/wp-json\/wp\/v2\/types\/page"}],"author":[{"embeddable":true,"href":"https:\/\/www.kpconsult.de\/index.php\/wp-json\/wp\/v2\/users\/2"}],"replies":[{"embeddable":true,"href":"https:\/\/www.kpconsult.de\/index.php\/wp-json\/wp\/v2\/comments?post=479"}],"version-history":[{"count":7,"href":"https:\/\/www.kpconsult.de\/index.php\/wp-json\/wp\/v2\/pages\/479\/revisions"}],"predecessor-version":[{"id":1438,"href":"https:\/\/www.kpconsult.de\/index.php\/wp-json\/wp\/v2\/pages\/479\/revisions\/1438"}],"wp:attachment":[{"href":"https:\/\/www.kpconsult.de\/index.php\/wp-json\/wp\/v2\/media?parent=479"}],"curies":[{"name":"wp","href":"https:\/\/api.w.org\/{rel}","templated":true}]}}