{"id":476,"date":"2017-08-06T11:49:58","date_gmt":"2017-08-06T09:49:58","guid":{"rendered":"http:\/\/10.80.100.77\/knorr\/?page_id=476"},"modified":"2020-10-08T18:51:42","modified_gmt":"2020-10-08T16:51:42","slug":"so-finden-sie-zu-uns","status":"publish","type":"page","link":"https:\/\/www.kpconsult.de\/index.php\/so-finden-sie-zu-uns\/","title":{"rendered":"So finden Sie uns"},"content":{"rendered":"<div  style='padding-bottom:10px; ' class='av-special-heading av-special-heading-h3    avia-builder-el-0  el_before_av_textblock  avia-builder-el-first  '><h3 class='av-special-heading-tag '  itemprop=\"headline\"  >Mit dem Auto<\/h3><div class='special-heading-border'><div class='special-heading-inner-border' ><\/div><\/div><\/div>\n<section class=\"av_textblock_section \"  itemscope=\"itemscope\" itemtype=\"https:\/\/schema.org\/CreativeWork\" ><div class='avia_textblock  '   itemprop=\"text\" ><h4>Von N\u00fcrnberg kommend nach Zirndorf:<\/h4>\n<p>Auf der A73 (S\u00fcdwesttangente), Ausfahrt Nbg-Kleinreuth, Rothenburger Stra\u00dfe in Richtung Oberasbach. In Oberasbach nach dem Discounter &#8222;Norma&#8220; rechts abbiegen in die \u00a0Zirndorfer Str. in Richtung Zirndorf. Ausschilderung &#8222;Pinder Park\/ Landratsamt&#8220; folgen.<\/p>\n<p>Am Landratsamt durch den Torbogen fahren. Nach dem Geb\u00e4ude auf den Parkplatz auf der linken Seite. Besucherparkplatz nutzen.<br \/>\nMit dem Aufzug in den 3. Stock.<\/p>\n<h4>Von Neustadt\/Aisch kommend nach Zirndorf:<\/h4>\n<p>Auf der B8 kommend, Ausfahrt Dambach, rechts abfahren. \u00dcber die Verbindungsstra\u00dfe, erste Ausfahrt nach Zirndorf hinein. An der Ampel links bis zur n\u00e4chsten Ampel rechts abbiegen in die M\u00fchlstra\u00dfe. 3. Beschilderung zum &#8222;Pinder Park \/ Landratsamt&#8220; folgen.<\/p>\n<p>Am Landratsamt durch den Torbogen fahren. Nach dem Geb\u00e4ude auf den Parkplatz auf der linken Seite. Besucherparkplatz nutzen.<br \/>\nMit dem Aufzug in den 3. Stock.<\/p>\n<\/div><\/section>\n<div  style='padding-bottom:10px; ' class='av-special-heading av-special-heading-h3    avia-builder-el-2  el_after_av_textblock  el_before_av_textblock  '><h3 class='av-special-heading-tag '  itemprop=\"headline\"  >\u00d6ffentliche Verkehrsmittel<\/h3><div class='special-heading-border'><div class='special-heading-inner-border' ><\/div><\/div><\/div>\n<section class=\"av_textblock_section \"  itemscope=\"itemscope\" itemtype=\"https:\/\/schema.org\/CreativeWork\" ><div class='avia_textblock  '   itemprop=\"text\" ><h4>Ab N\u00fcrnberg:<\/h4>\n<p>Von N\u00fcrnberg &#8211; Hauptbahnhof kommend mit der &#8222;U-Bahnlinie 2&#8220; bis Rothenburger Stra\u00dfe fahren, dann umsteigen in die Buslinie 70 oder 72 und weiterfahren bis Haltestelle Pinder Park. Durch den Torbogen, am Geb\u00e4ude-Ende Eingang. Aufzug in den 3. Stock.<\/p>\n<h4>Ab F\u00fcrth:<\/h4>\n<p>Von F\u00fcrth &#8211; Hauptbahnhof mit der Rangaubahn R7 bis Zirndorf Bahnhof fahren. Mit dem Bus 70 oder 72 bis Haltestelle &#8222;Pinder Park&#8220; fahren. Durch den Torbogen, am Geb\u00e4ude-Ende Eingang. Aufzug in den 3. Stock.<\/p>\n<p>oder:<\/p>\n<p>Von F\u00fcrth &#8211; Hauptbahnhof mit der Buslinie 113 OVF bis Zirndorf Bahnhof fahren. Dort in die Buslinie 150 bis Haltestelle &#8222;Pinder Park&#8220; fahren. Durch den Torbogen, am Geb\u00e4ude-Ende Eingang. Aufzug in den 3. Stock.<\/p>\n<\/div><\/section>\n","protected":false},"excerpt":{"rendered":"","protected":false},"author":2,"featured_media":0,"parent":0,"menu_order":0,"comment_status":"closed","ping_status":"closed","template":"","meta":{"footnotes":""},"class_list":["post-476","page","type-page","status-publish","hentry"],"_links":{"self":[{"href":"https:\/\/www.kpconsult.de\/index.php\/wp-json\/wp\/v2\/pages\/476"}],"collection":[{"href":"https:\/\/www.kpconsult.de\/index.php\/wp-json\/wp\/v2\/pages"}],"about":[{"href":"https:\/\/www.kpconsult.de\/index.php\/wp-json\/wp\/v2\/types\/page"}],"author":[{"embeddable":true,"href":"https:\/\/www.kpconsult.de\/index.php\/wp-json\/wp\/v2\/users\/2"}],"replies":[{"embeddable":true,"href":"https:\/\/www.kpconsult.de\/index.php\/wp-json\/wp\/v2\/comments?post=476"}],"version-history":[{"count":3,"href":"https:\/\/www.kpconsult.de\/index.php\/wp-json\/wp\/v2\/pages\/476\/revisions"}],"predecessor-version":[{"id":1406,"href":"https:\/\/www.kpconsult.de\/index.php\/wp-json\/wp\/v2\/pages\/476\/revisions\/1406"}],"wp:attachment":[{"href":"https:\/\/www.kpconsult.de\/index.php\/wp-json\/wp\/v2\/media?parent=476"}],"curies":[{"name":"wp","href":"https:\/\/api.w.org\/{rel}","templated":true}]}}