{"id":407,"date":"2017-08-06T11:41:57","date_gmt":"2017-08-06T09:41:57","guid":{"rendered":"http:\/\/10.80.100.77\/knorr\/?page_id=407"},"modified":"2018-01-29T09:59:20","modified_gmt":"2018-01-29T08:59:20","slug":"referenzprojekte","status":"publish","type":"page","link":"https:\/\/www.kpconsult.de\/index.php\/referenzprojekte\/","title":{"rendered":"Referenzprojekte"},"content":{"rendered":"<div id='full_slider_1'  class='avia-fullwidth-slider main_color avia-shadow   avia-builder-el-0  el_before_av_one_full  avia-builder-el-first   container_wrap sidebar_right' style=' '  ><div   data-size='no scaling'  data-lightbox_size='large'  data-animation='slide'  data-conditional_play=''  data-ids='999'  data-video_counter='0'  data-autoplay='false'  data-bg_slider='false'  data-slide_height=''  data-handle='av_slideshow_full'  data-interval='5'  data-class=' '  data-el_id=''  data-css_id=''  data-scroll_down=''  data-control_layout='av-control-default'  data-custom_markup=''  data-perma_caption=''  data-autoplay_stopper=''  data-image_attachment=''  data-min_height='0px'  data-lazy_loading='disabled'  data-src=''  data-position='top left'  data-repeat='no-repeat'  data-attach='scroll'  data-stretch=''  class='avia-slideshow avia-slideshow-1  av-control-default av-default-height-applied avia-slideshow-no scaling av_slideshow_full   avia-slide-slider '  itemprop=\"image\" itemscope=\"itemscope\" itemtype=\"https:\/\/schema.org\/ImageObject\" ><ul class='avia-slideshow-inner ' style='padding-bottom: 33.333333333333%;' ><li  class=' av-single-slide slide-1 ' ><div data-rel='slideshow-1' class='avia-slide-wrap '   ><img decoding=\"async\" class=\"wp-image-999 avia-img-lazy-loading-not-999\"  src=\"https:\/\/www.kpconsult.de\/wp-content\/uploads\/sr_referenzprojekte.jpg\" width=\"1500\" height=\"500\" title='sr_referenzprojekte' alt=''  itemprop=\"thumbnailUrl\"   \/><\/div><\/li><\/ul><\/div><\/div><div id='after_full_slider_1'  class='main_color av_default_container_wrap container_wrap sidebar_right' style=' '  ><div class='container' ><div class='template-page content  av-content-small alpha units'><div class='post-entry post-entry-type-page post-entry-407'><div class='entry-content-wrapper clearfix'>\n<div class=\"flex_column av_one_full  flex_column_div av-zero-column-padding first  avia-builder-el-1  el_after_av_slideshow_full  avia-builder-el-no-sibling  \" style='border-radius:0px; '><p><div  style='padding-bottom:10px; ' class='av-special-heading av-special-heading-h2    avia-builder-el-2  el_before_av_textblock  avia-builder-el-first  '><h2 class='av-special-heading-tag '  itemprop=\"headline\"  >Referenzprojekte \/ Case Studies<\/h2><div class='special-heading-border'><div class='special-heading-inner-border' ><\/div><\/div><\/div><br \/>\n<section class=\"av_textblock_section \"  itemscope=\"itemscope\" itemtype=\"https:\/\/schema.org\/CreativeWork\" ><div class='avia_textblock  '   itemprop=\"text\" ><p>Die Ergebnisse konkreter Projektarbeit sprechen f\u00fcr sich. Wir m\u00f6chten Ihnen daher einige unserer erfolgreichen Projekte kurz vorstellen.<\/p>\n<p>Die Beispiele sind unter verschiedenen Gesichtspunkten interessant:<\/p>\n<ul>\n<li>Thematische Relevanz in unserem Arbeitsfeld<\/li>\n<li>Art der erbrachten Leistungen<\/li>\n<li>Klarheit der Aufgabenstellung<\/li>\n<\/ul>\n<p>F\u00fcr jedes der ausgew\u00e4hlten Projekten skizzieren wir die Ausgangssituation, die konkrete Aufgabenstellung, die Umsetzung und den Mehrwert f\u00fcr unseren Auftraggeber. So k\u00f6nnen Sie sich einen guten \u00dcberblick verschaffen.<\/p>\n<p>Bitte haben Sie Verst\u00e4ndnis daf\u00fcr, dass wir mit vielen unserer Kunden Vereinbarungen haben, die es uns nicht gestatten, n\u00e4here Angaben zu den Auftraggebern zu ver\u00f6ffentlichen (Non-Disclosure Agreements). Wir stellen solche Projekte in anonymisierter Form vor, wenn sie uns aufgrund der Aufgabenstellung interessant erscheinen.<\/p>\n<\/div><\/section><\/p><\/div>\n","protected":false},"excerpt":{"rendered":"","protected":false},"author":2,"featured_media":0,"parent":0,"menu_order":0,"comment_status":"closed","ping_status":"closed","template":"","meta":{"footnotes":""},"class_list":["post-407","page","type-page","status-publish","hentry"],"_links":{"self":[{"href":"https:\/\/www.kpconsult.de\/index.php\/wp-json\/wp\/v2\/pages\/407"}],"collection":[{"href":"https:\/\/www.kpconsult.de\/index.php\/wp-json\/wp\/v2\/pages"}],"about":[{"href":"https:\/\/www.kpconsult.de\/index.php\/wp-json\/wp\/v2\/types\/page"}],"author":[{"embeddable":true,"href":"https:\/\/www.kpconsult.de\/index.php\/wp-json\/wp\/v2\/users\/2"}],"replies":[{"embeddable":true,"href":"https:\/\/www.kpconsult.de\/index.php\/wp-json\/wp\/v2\/comments?post=407"}],"version-history":[{"count":2,"href":"https:\/\/www.kpconsult.de\/index.php\/wp-json\/wp\/v2\/pages\/407\/revisions"}],"predecessor-version":[{"id":1221,"href":"https:\/\/www.kpconsult.de\/index.php\/wp-json\/wp\/v2\/pages\/407\/revisions\/1221"}],"wp:attachment":[{"href":"https:\/\/www.kpconsult.de\/index.php\/wp-json\/wp\/v2\/media?parent=407"}],"curies":[{"name":"wp","href":"https:\/\/api.w.org\/{rel}","templated":true}]}}