{"id":400,"date":"2017-08-06T11:41:01","date_gmt":"2017-08-06T09:41:01","guid":{"rendered":"http:\/\/10.80.100.77\/knorr\/?page_id=400"},"modified":"2025-11-28T16:48:21","modified_gmt":"2025-11-28T15:48:21","slug":"rz-betreuung","status":"publish","type":"page","link":"https:\/\/www.kpconsult.de\/index.php\/rz-betreuung\/","title":{"rendered":"Rechenzentrums-Betreuung"},"content":{"rendered":"<div id='full_slider_1'  class='avia-fullwidth-slider main_color avia-shadow   avia-builder-el-0  el_before_av_one_full  avia-builder-el-first   container_wrap sidebar_right' style=' '  ><div   data-size='no scaling'  data-lightbox_size='large'  data-animation='slide'  data-conditional_play=''  data-ids='1000'  data-video_counter='0'  data-autoplay='false'  data-bg_slider='false'  data-slide_height=''  data-handle='av_slideshow_full'  data-interval='5'  data-class=' '  data-el_id=''  data-css_id=''  data-scroll_down=''  data-control_layout='av-control-default'  data-custom_markup=''  data-perma_caption=''  data-autoplay_stopper=''  data-image_attachment=''  data-min_height='0px'  data-lazy_loading='disabled'  data-src=''  data-position='top left'  data-repeat='no-repeat'  data-attach='scroll'  data-stretch=''  class='avia-slideshow avia-slideshow-1  av-control-default av-default-height-applied avia-slideshow-no scaling av_slideshow_full   avia-slide-slider '  itemprop=\"image\" itemscope=\"itemscope\" itemtype=\"https:\/\/schema.org\/ImageObject\" ><ul class='avia-slideshow-inner ' style='padding-bottom: 33.333333333333%;' ><li  class=' av-single-slide slide-1 ' ><div data-rel='slideshow-1' class='avia-slide-wrap '   ><img decoding=\"async\" class=\"wp-image-1000 avia-img-lazy-loading-not-1000\"  src=\"https:\/\/www.kpconsult.de\/wp-content\/uploads\/sr_rzbetreuung.jpg\" width=\"1500\" height=\"500\" title='sr_rzbetreuung' alt=''  itemprop=\"thumbnailUrl\"   \/><\/div><\/li><\/ul><\/div><\/div><div id='after_full_slider_1'  class='main_color av_default_container_wrap container_wrap sidebar_right' style=' '  ><div class='container' ><div class='template-page content  av-content-small alpha units'><div class='post-entry post-entry-type-page post-entry-400'><div class='entry-content-wrapper clearfix'>\n<div class=\"flex_column av_one_full  flex_column_div av-zero-column-padding first  avia-builder-el-1  el_after_av_slideshow_full  avia-builder-el-no-sibling  \" style='border-radius:0px; '><p><div  style='padding-bottom:10px; ' class='av-special-heading av-special-heading-h2    avia-builder-el-2  el_before_av_textblock  avia-builder-el-first  '><h2 class='av-special-heading-tag '  itemprop=\"headline\"  >Rechenzentrums-Betreuung<\/h2><div class='special-heading-border'><div class='special-heading-inner-border' ><\/div><\/div><\/div><br \/>\n<section class=\"av_textblock_section \"  itemscope=\"itemscope\" itemtype=\"https:\/\/schema.org\/CreativeWork\" ><div class='avia_textblock  '   itemprop=\"text\" ><p>Verantwortlicher Betrieb einer Server-Infrastruktur bestehend aus Storage, Virtualisierung und ca. 40 Applikationsservern.<\/p>\n<h3>Ausgangssituation<\/h3>\n<p>Ein international agierendes Handelsunternehmen f\u00fcr Autozubeh\u00f6r unterh\u00e4lt in der Unternehmensgruppe mehrere IT-Standorte. Es befinden sich ca. 40 Microsoft-Server im Einsatz, die diverse datenbankgest\u00fctzte Anwendungen bedienen und zentrale Dienste zur Verf\u00fcgung stellen.<br \/>\nAngebunden sind mehrere Internet-Shopsysteme im 24\/7-Betrieb.<br \/>\nMit dem Betriebserhalt und dem kontinuierlichen Systemausbau wurde KPConsult GmbH im Jahr 2006 beauftragt. Seither f\u00fchren wir laufend den technischen Dienst durch.<\/p>\n<h3>Aufgabenstellung<\/h3>\n<p>Im Rahmen der RZ-Betreuung \u00fcbernehmen wir folgende Aufgaben:<\/p>\n<ul>\n<li>Management von 40 Servern mit Windows 2000, 2003 und 2008 Betriebssystemen an vier Hauptstandorten<\/li>\n<li>Betreuung der Exchange-, Blackberry- und Faxsysteme<\/li>\n<li>Datensicherung mit verschiedenen Backupsystemen (Backup to Tape, Backup to Disk to Tape)<\/li>\n<li>Administration und Performanceoptimierung diverser MS SQL-Server (Versionen 2000 bis 2008 R2)<\/li>\n<li>Betrieb von zwei zentralen iSCSI-Storagesystemen mit jeweils 5 TB netto<\/li>\n<li>Betrieb einer VMware vSphere-Farm bestehend aus drei Hostsystemen<\/li>\n<li>Update-Service f\u00fcr das Gesamtsystem<\/li>\n<li>Erweiterungsplanung und Systemintegration neuer Komponenten<\/li>\n<\/ul>\n<h3>Umsetzung<\/h3>\n<p>Die komplette Verantwortung f\u00fcr alle Serversysteme der Rechenzentren liegt bei KPConsult GmbH. Der wesentliche Teil der Leistung wird durch Fernwartung \u00fcber VPN erbracht.<br \/>\nRegelm\u00e4\u00dfige \u00dcberwachungs- und Pflegema\u00dfnahmen stellen den Betriebserhalt der Server sicher. \u00c4nderungsanforderungen des Kunden erfolgen in der Regel per E-Mail, werden bei KPConsult GmbH in einem Ticketsystem erfasst und den jeweiligen Bearbeitern zugeteilt. Dies gew\u00e4hrleistet eine zentrale Dokumentation der \u00c4nderungen.<\/p>\n<h3>Mehrwert f\u00fcr den Auftraggeber<\/h3>\n<p>Erfahrene Spezialisten erledigen alle Aufgaben schnell und nachhaltig. Der Auftraggeber spart sich die Einarbeitung eigener Mitarbeiter in selten gefragte Spezialthemen. Notwendige Wartungsarbeiten finden au\u00dferhalb der Regelarbeitszeit statt. Urlaubs- und Krankheitsvertretung sind sichergestellt. Neue technologische Entwicklungen m\u00fcssen nicht aufwendig durch eigenes Personal evaluiert werden.<\/p>\n<\/div><\/section><\/p><\/div>\n","protected":false},"excerpt":{"rendered":"","protected":false},"author":2,"featured_media":0,"parent":0,"menu_order":0,"comment_status":"closed","ping_status":"closed","template":"","meta":{"footnotes":""},"class_list":["post-400","page","type-page","status-publish","hentry"],"_links":{"self":[{"href":"https:\/\/www.kpconsult.de\/index.php\/wp-json\/wp\/v2\/pages\/400"}],"collection":[{"href":"https:\/\/www.kpconsult.de\/index.php\/wp-json\/wp\/v2\/pages"}],"about":[{"href":"https:\/\/www.kpconsult.de\/index.php\/wp-json\/wp\/v2\/types\/page"}],"author":[{"embeddable":true,"href":"https:\/\/www.kpconsult.de\/index.php\/wp-json\/wp\/v2\/users\/2"}],"replies":[{"embeddable":true,"href":"https:\/\/www.kpconsult.de\/index.php\/wp-json\/wp\/v2\/comments?post=400"}],"version-history":[{"count":4,"href":"https:\/\/www.kpconsult.de\/index.php\/wp-json\/wp\/v2\/pages\/400\/revisions"}],"predecessor-version":[{"id":1444,"href":"https:\/\/www.kpconsult.de\/index.php\/wp-json\/wp\/v2\/pages\/400\/revisions\/1444"}],"wp:attachment":[{"href":"https:\/\/www.kpconsult.de\/index.php\/wp-json\/wp\/v2\/media?parent=400"}],"curies":[{"name":"wp","href":"https:\/\/api.w.org\/{rel}","templated":true}]}}