{"id":392,"date":"2017-08-06T11:40:34","date_gmt":"2017-08-06T09:40:34","guid":{"rendered":"http:\/\/10.80.100.77\/knorr\/?page_id=392"},"modified":"2018-01-29T10:04:38","modified_gmt":"2018-01-29T09:04:38","slug":"it-modernisierung","status":"publish","type":"page","link":"https:\/\/www.kpconsult.de\/index.php\/it-modernisierung\/","title":{"rendered":"IT-Modernisierung"},"content":{"rendered":"<div id='full_slider_1'  class='avia-fullwidth-slider main_color avia-shadow   avia-builder-el-0  el_before_av_one_full  avia-builder-el-first   container_wrap sidebar_right' style=' '  ><div   data-size='no scaling'  data-lightbox_size='large'  data-animation='slide'  data-conditional_play=''  data-ids='997'  data-video_counter='0'  data-autoplay='false'  data-bg_slider='false'  data-slide_height=''  data-handle='av_slideshow_full'  data-interval='5'  data-class=' '  data-el_id=''  data-css_id=''  data-scroll_down=''  data-control_layout='av-control-default'  data-custom_markup=''  data-perma_caption=''  data-autoplay_stopper=''  data-image_attachment=''  data-min_height='0px'  data-lazy_loading='disabled'  data-src=''  data-position='top left'  data-repeat='no-repeat'  data-attach='scroll'  data-stretch=''  class='avia-slideshow avia-slideshow-1  av-control-default av-default-height-applied avia-slideshow-no scaling av_slideshow_full   avia-slide-slider '  itemprop=\"image\" itemscope=\"itemscope\" itemtype=\"https:\/\/schema.org\/ImageObject\" ><ul class='avia-slideshow-inner ' style='padding-bottom: 33.333333333333%;' ><li  class=' av-single-slide slide-1 ' ><div data-rel='slideshow-1' class='avia-slide-wrap '   ><img decoding=\"async\" class=\"wp-image-997 avia-img-lazy-loading-not-997\"  src=\"https:\/\/www.kpconsult.de\/wp-content\/uploads\/sr_modernisierungsstrategie.jpg\" width=\"1500\" height=\"500\" title='sr_modernisierungsstrategie' alt=''  itemprop=\"thumbnailUrl\"   \/><\/div><\/li><\/ul><\/div><\/div><div id='after_full_slider_1'  class='main_color av_default_container_wrap container_wrap sidebar_right' style=' '  ><div class='container' ><div class='template-page content  av-content-small alpha units'><div class='post-entry post-entry-type-page post-entry-392'><div class='entry-content-wrapper clearfix'>\n<div class=\"flex_column av_one_full  flex_column_div av-zero-column-padding first  avia-builder-el-1  el_after_av_slideshow_full  avia-builder-el-no-sibling  \" style='border-radius:0px; '><p><div  style='padding-bottom:10px; ' class='av-special-heading av-special-heading-h2    avia-builder-el-2  el_before_av_textblock  avia-builder-el-first  '><h2 class='av-special-heading-tag '  itemprop=\"headline\"  >Modernisierungsstrategie<\/h2><div class='special-heading-border'><div class='special-heading-inner-border' ><\/div><\/div><\/div><br \/>\n<section class=\"av_textblock_section \"  itemscope=\"itemscope\" itemtype=\"https:\/\/schema.org\/CreativeWork\" ><div class='avia_textblock  '   itemprop=\"text\" ><p>Entwicklung einer Strategie zur grundlegenden Modernisierung einer \u00fcberalterten IT-Landschaft.<\/p>\n<h3>Ausgangssituation<\/h3>\n<p>Ein Hersteller von Antriebstechnik mit ca. 100 Mitarbeitern nutzte eine IT-Landschaft, deren wesentliche Komponenten (Netzwerk, Server, Clients) grob \u00fcberaltert waren. Die Gesch\u00e4ftsf\u00fchrung hatte die IT-Ausgaben \u00fcber mehrere Jahre hinweg auf rein lebenserhaltende Ma\u00dfnahmen beschr\u00e4nkt.<br \/>\nAls die Betriebsunterbrechungen zunahmen und zu einem wirtschaftlichen Problem wurden, beschloss die Gesch\u00e4ftsleitung, die IT-Landschaft grundlegend modernisieren zu lassen.<br \/>\nDie Modernisierungsstrategie sollte zukunftsf\u00e4hig und insbesondere auch f\u00fcr das Management nachvollziehbar sein.<\/p>\n<h3>Aufgabenstellung<\/h3>\n<p>Gefragt waren in sich abgeschlossene Einzelma\u00dfnahmen zur Modernisierung, die sich jeweils mit einem wirtschaftlich vertretbaren Budget durchf\u00fchren lie\u00dfen, verteilt \u00fcber einen Zeitraum von zwei Jahren.<br \/>\nDie Kernbereiche der IT (Netzwerk, Server, Standortverbindungen) sollten aus Dringlichkeitsgr\u00fcnden vorgezogen werden.<\/p>\n<h3>Umsetzung<\/h3>\n<p>Die Modernisierung umfasste folgende Arbeiten:<\/p>\n<ul>\n<li>Ist-Analyse und Dokumentation des Gesamtsystems<\/li>\n<li>Erarbeitung eines schrittweisen, einzeln budgetierten Modernisierungskonzepts, beginnend bei den zentralen Komponenten<\/li>\n<li>Formulierung der Spezifikation f\u00fcr die einzelnen Beschaffungen<\/li>\n<li>Angebotsbewertung und Vergabeempfehlung<\/li>\n<li>Planung und Begleitung der Systemintegration f\u00fcr die einzelnen Modernierungsschritte<\/li>\n<li>Formulierung und Abstimmung einer Strategie f\u00fcr die weitere Entwicklung der IT mit einem Zeithorizont von 36 Monaten<\/li>\n<\/ul>\n<h3>Mehrwert f\u00fcr den Auftraggeber<\/h3>\n<ul>\n<li>Schonung der Liquidit\u00e4t durch sinnvolles Strukturieren der Ma\u00dfnahmen in zeitversetzte Einzelphasen<\/li>\n<li>Kostenoptimierung bei der Komponentenbeschaffung durch herstellerneutrale Unterst\u00fctzung<\/li>\n<li>Nutzung qualitativer und preislicher Vorteile bei der Komponentenbeschaffung<\/li>\n<li>Minimierung der Stillstandszeiten w\u00e4hrend der einzelnen Modernisierungsphasen<\/li>\n<li>Erh\u00f6hte Systemverf\u00fcgbarkeit im Rahmen des neuen Konzepts<\/li>\n<li>Reduzierung der laufenden Systembetreuungskosten<\/li>\n<\/ul>\n<\/div><\/section><\/p><\/div>\n","protected":false},"excerpt":{"rendered":"","protected":false},"author":2,"featured_media":0,"parent":0,"menu_order":0,"comment_status":"closed","ping_status":"closed","template":"","meta":{"footnotes":""},"class_list":["post-392","page","type-page","status-publish","hentry"],"_links":{"self":[{"href":"https:\/\/www.kpconsult.de\/index.php\/wp-json\/wp\/v2\/pages\/392"}],"collection":[{"href":"https:\/\/www.kpconsult.de\/index.php\/wp-json\/wp\/v2\/pages"}],"about":[{"href":"https:\/\/www.kpconsult.de\/index.php\/wp-json\/wp\/v2\/types\/page"}],"author":[{"embeddable":true,"href":"https:\/\/www.kpconsult.de\/index.php\/wp-json\/wp\/v2\/users\/2"}],"replies":[{"embeddable":true,"href":"https:\/\/www.kpconsult.de\/index.php\/wp-json\/wp\/v2\/comments?post=392"}],"version-history":[{"count":2,"href":"https:\/\/www.kpconsult.de\/index.php\/wp-json\/wp\/v2\/pages\/392\/revisions"}],"predecessor-version":[{"id":1387,"href":"https:\/\/www.kpconsult.de\/index.php\/wp-json\/wp\/v2\/pages\/392\/revisions\/1387"}],"wp:attachment":[{"href":"https:\/\/www.kpconsult.de\/index.php\/wp-json\/wp\/v2\/media?parent=392"}],"curies":[{"name":"wp","href":"https:\/\/api.w.org\/{rel}","templated":true}]}}