{"id":384,"date":"2017-08-06T11:40:06","date_gmt":"2017-08-06T09:40:06","guid":{"rendered":"http:\/\/10.80.100.77\/knorr\/?page_id=384"},"modified":"2025-11-14T15:43:24","modified_gmt":"2025-11-14T14:43:24","slug":"ausschreibung-ii","status":"publish","type":"page","link":"https:\/\/www.kpconsult.de\/index.php\/ausschreibung-ii\/","title":{"rendered":"Ausschreibung II"},"content":{"rendered":"<div id='full_slider_1'  class='avia-fullwidth-slider main_color avia-shadow   avia-builder-el-0  el_before_av_one_full  avia-builder-el-first   container_wrap sidebar_right' style=' '  ><div   data-size='no scaling'  data-lightbox_size='large'  data-animation='slide'  data-conditional_play=''  data-ids='993'  data-video_counter='0'  data-autoplay='false'  data-bg_slider='false'  data-slide_height=''  data-handle='av_slideshow_full'  data-interval='5'  data-class=' '  data-el_id=''  data-css_id=''  data-scroll_down=''  data-control_layout='av-control-default'  data-custom_markup=''  data-perma_caption=''  data-autoplay_stopper=''  data-image_attachment=''  data-min_height='0px'  data-lazy_loading='disabled'  data-src=''  data-position='top left'  data-repeat='no-repeat'  data-attach='scroll'  data-stretch=''  class='avia-slideshow avia-slideshow-1  av-control-default av-default-height-applied avia-slideshow-no scaling av_slideshow_full   avia-slide-slider '  itemprop=\"image\" itemscope=\"itemscope\" itemtype=\"https:\/\/schema.org\/ImageObject\" ><ul class='avia-slideshow-inner ' style='padding-bottom: 33.333333333333%;' ><li  class=' av-single-slide slide-1 ' ><div data-rel='slideshow-1' class='avia-slide-wrap '   ><img decoding=\"async\" class=\"wp-image-993 avia-img-lazy-loading-not-993\"  src=\"https:\/\/www.kpconsult.de\/wp-content\/uploads\/sr_ausschreibung2.jpg\" width=\"1500\" height=\"500\" title='sr_ausschreibung2' alt=''  itemprop=\"thumbnailUrl\"   \/><\/div><\/li><\/ul><\/div><\/div><div id='after_full_slider_1'  class='main_color av_default_container_wrap container_wrap sidebar_right' style=' '  ><div class='container' ><div class='template-page content  av-content-small alpha units'><div class='post-entry post-entry-type-page post-entry-384'><div class='entry-content-wrapper clearfix'>\n<div class=\"flex_column av_one_full  flex_column_div av-zero-column-padding first  avia-builder-el-1  el_after_av_slideshow_full  avia-builder-el-no-sibling  \" style='border-radius:0px; '><p><div  style='padding-bottom:10px; ' class='av-special-heading av-special-heading-h2    avia-builder-el-2  el_before_av_textblock  avia-builder-el-first  '><h2 class='av-special-heading-tag '  itemprop=\"headline\"  >Planung und Ausschreibung II<\/h2><div class='special-heading-border'><div class='special-heading-inner-border' ><\/div><\/div><\/div><br \/>\n<section class=\"av_textblock_section \"  itemscope=\"itemscope\" itemtype=\"https:\/\/schema.org\/CreativeWork\" ><div class='avia_textblock  '   itemprop=\"text\" ><p>Planung, Ausschreibung und Baubetreuung eines 36 Standorte umfassenden IP-Netzes mit IGRP-Routing und 132 aktiven Netzwerkkomponenten.<\/p>\n<h3>Ausgangssituation<\/h3>\n<p>Die Bundesrepublik Deutschland betreibt f\u00fcr die Erfassung von Verkehrsdaten und die Steuerung von Schilderbr\u00fccken und Wechselwegweisungen auf Autobahnen verkehrstechnische IP-Netze. Der Datenverkehr wird \u00fcber bundeseigene Kabelstrecken abgewickelt und in Verteilerpunkten (in der Regel Kabelh\u00e4usern) geroutet. Das Verkehrstechniknetz l\u00e4uft in regionalen Vekehrsbetriebszentralen zusammen.<br \/>\nIm Gro\u00dfraum Nordbayern mussten im Rahmen einer Modernisierungsma\u00dfnahme s\u00e4mtliche aktiven Komponenten auf Layer-3-Ebene (Router) erneuert werden. Besonderes Augenmerk galt der Maximierung der Ausfallsicherheit und der Steigerung der Leistungsf\u00e4higkeit des Weitverkehrsnetzes.<br \/>\nVon der Ma\u00dfnahme betroffen waren die verkehrstechnischen Anlagen auf ca. 1.000 km Autobahnstrecke. Um die Auswirkungen zu minimieren, musste ein detaillierter Rollout-Plan erarbeitet werden.<br \/>\nMit Planung, Ausschreibung und Bau\u00fcberwachung dieser Ma\u00dfnahme wurde KPConsult GmbH nach HOAI beauftragt.<\/p>\n<h3>Aufgabenstellung und Umsetzung<\/h3>\n<p>Folgende Aufgaben fielen im Rahmen des Projekts an:<\/p>\n<ul>\n<li>Bestandsanalyse der Komponenten an allen 36 Standorten<\/li>\n<li>Konzeption einer modernen ausfallsicheren Routingstruktur<\/li>\n<li>Feinplanung der Routingstruktur und des IP-Konzepts<\/li>\n<li>Spezifikation der aktiven und passiven Komponenten f\u00fcr die Ausschreibung<\/li>\n<li>Erstellung der versandfertigen Ausschreibung<\/li>\n<li>Durchf\u00fchrung der Angebotsbewertung und Erstellung des Vergabevorschlags<\/li>\n<li>Fachliche Begleitung der Bietergespr\u00e4che<\/li>\n<li>Erarbeitung des Rollout-Plans in Zusammenarbeit mit dem Auftragnehmer<\/li>\n<li>Erarbeitung eines Konfigurationsmusters f\u00fcr die Parametrierung der Router<\/li>\n<li>Bau\u00fcberwachung der Ma\u00dfnahme an den einzelnen Standorten<\/li>\n<li>Test des Gesamtsystems<\/li>\n<li>Abnahme nach Fertigstellung<\/li>\n<\/ul>\n<p>Bedingt durch den Projektumfang und die Verteilung auf 36 Einzelstandorte dauerte die Umsetzung der gesamten Ma\u00dfnahme 12 Monate. Alle Anforderungen hinsichtlich Budget, Leistungsf\u00e4higkeit und Ausfallsicherheit wurden erf\u00fcllt.<\/p>\n<h3>Mehrwert f\u00fcr den Auftraggeber<\/h3>\n<p>Durch die Vergabe von Planung, Ausschreibung und Bau\u00fcberwachung an KPConsult GmbH konnte die wirtschaftlichste der technischen L\u00f6sungsm\u00f6glichkeiten implementiert werden. Die Integration des neuen Routernetzes lie\u00df sich aufgrund eines detaillierten Rollout-Plans mit minimalen Stillstandszeiten durchf\u00fchren.<br \/>\nDie auf aktuelle Anforderungen zugeschnittene Routing-Infrastruktur aus Layer-3-Switches und konventionellen IP-Routern ist hochverf\u00fcgbar, performant und dem weiteren Zuwachs an verkehrstechnischen Anlagen gewachsen.<\/p>\n<\/div><\/section><\/p><\/div>\n","protected":false},"excerpt":{"rendered":"","protected":false},"author":2,"featured_media":0,"parent":0,"menu_order":0,"comment_status":"closed","ping_status":"closed","template":"","meta":{"footnotes":""},"class_list":["post-384","page","type-page","status-publish","hentry"],"_links":{"self":[{"href":"https:\/\/www.kpconsult.de\/index.php\/wp-json\/wp\/v2\/pages\/384"}],"collection":[{"href":"https:\/\/www.kpconsult.de\/index.php\/wp-json\/wp\/v2\/pages"}],"about":[{"href":"https:\/\/www.kpconsult.de\/index.php\/wp-json\/wp\/v2\/types\/page"}],"author":[{"embeddable":true,"href":"https:\/\/www.kpconsult.de\/index.php\/wp-json\/wp\/v2\/users\/2"}],"replies":[{"embeddable":true,"href":"https:\/\/www.kpconsult.de\/index.php\/wp-json\/wp\/v2\/comments?post=384"}],"version-history":[{"count":3,"href":"https:\/\/www.kpconsult.de\/index.php\/wp-json\/wp\/v2\/pages\/384\/revisions"}],"predecessor-version":[{"id":1373,"href":"https:\/\/www.kpconsult.de\/index.php\/wp-json\/wp\/v2\/pages\/384\/revisions\/1373"}],"wp:attachment":[{"href":"https:\/\/www.kpconsult.de\/index.php\/wp-json\/wp\/v2\/media?parent=384"}],"curies":[{"name":"wp","href":"https:\/\/api.w.org\/{rel}","templated":true}]}}