{"id":382,"date":"2017-08-06T11:39:59","date_gmt":"2017-08-06T09:39:59","guid":{"rendered":"http:\/\/10.80.100.77\/knorr\/?page_id=382"},"modified":"2025-11-14T15:42:52","modified_gmt":"2025-11-14T14:42:52","slug":"ausschreibung-i","status":"publish","type":"page","link":"https:\/\/www.kpconsult.de\/index.php\/ausschreibung-i\/","title":{"rendered":"Ausschreibung I"},"content":{"rendered":"<div id='full_slider_1'  class='avia-fullwidth-slider main_color avia-shadow   avia-builder-el-0  el_before_av_one_full  avia-builder-el-first   container_wrap sidebar_right' style=' '  ><div   data-size='no scaling'  data-lightbox_size='large'  data-animation='fade'  data-conditional_play=''  data-ids='992'  data-video_counter='0'  data-autoplay='true'  data-bg_slider='false'  data-slide_height=''  data-handle='av_slideshow_full'  data-interval='5'  data-class=' '  data-el_id=''  data-css_id=''  data-scroll_down=''  data-control_layout='av-control-minimal'  data-custom_markup=''  data-perma_caption=''  data-autoplay_stopper=''  data-image_attachment=''  data-min_height='0px'  data-lazy_loading='disabled'  data-src=''  data-position='top left'  data-repeat='no-repeat'  data-attach='scroll'  data-stretch=''  class='avia-slideshow avia-slideshow-1  av-control-minimal av-default-height-applied avia-slideshow-no scaling av_slideshow_full   avia-fade-slider '  itemprop=\"image\" itemscope=\"itemscope\" itemtype=\"https:\/\/schema.org\/ImageObject\" ><ul class='avia-slideshow-inner ' style='padding-bottom: 33.333333333333%;' ><li  class=' av-single-slide slide-1 ' ><div data-rel='slideshow-1' class='avia-slide-wrap '   ><img decoding=\"async\" class=\"wp-image-992 avia-img-lazy-loading-not-992\"  src=\"https:\/\/www.kpconsult.de\/wp-content\/uploads\/sr_ausschreibung.jpg\" width=\"1500\" height=\"500\" title='sr_ausschreibung' alt=''  itemprop=\"thumbnailUrl\"   \/><\/div><\/li><\/ul><\/div><\/div><div id='after_full_slider_1'  class='main_color av_default_container_wrap container_wrap sidebar_right' style=' '  ><div class='container' ><div class='template-page content  av-content-small alpha units'><div class='post-entry post-entry-type-page post-entry-382'><div class='entry-content-wrapper clearfix'>\n<div class=\"flex_column av_one_full  flex_column_div av-zero-column-padding first  avia-builder-el-1  el_after_av_slideshow_full  avia-builder-el-no-sibling  \" style='border-radius:0px; '><p><div  style='padding-bottom:10px; ' class='av-special-heading av-special-heading-h2    avia-builder-el-2  el_before_av_textblock  avia-builder-el-first  '><h2 class='av-special-heading-tag '  itemprop=\"headline\"  >Planung und Ausschreibung I<\/h2><div class='special-heading-border'><div class='special-heading-inner-border' ><\/div><\/div><\/div><br \/>\n<section class=\"av_textblock_section \"  itemscope=\"itemscope\" itemtype=\"https:\/\/schema.org\/CreativeWork\" ><div class='avia_textblock  '   itemprop=\"text\" ><p>Planung und europaweite Ausschreibung der IT-Ausstattung einer berufsbildenden Schule mit einem Investitionsvolumen von ca. 500.000 EUR.<\/p>\n<h3>Ausgangssituation<\/h3>\n<p>Im Rahmen des Neubaus der Maschinenbauschule Ansbach sollte die IT-Ausstattung vollst\u00e4ndig erneuert werden. F\u00fcr die Beschaffung zust\u00e4ndig war der Bezirk Mittelfranken.<br \/>\nAufgrund des Investitionsvolumens war eine europaweite Ausschreibung erforderlich. Die fachliche Vorbereitung der Ausschreibung sollte von einem erfahrenen Ingenieurb\u00fcro durchgef\u00fchrt werden. Die Aufgabenstellung umfasste die HOAI-Leistungsphasen zwei bis sieben.<br \/>\nAls verantwortliches B\u00fcro f\u00fcr Planung und Ausschreibung wurde KPConsult GmbH beauftragt.<\/p>\n<h3>Aufgabenstellung<\/h3>\n<p>Folgende Aufgaben fielen in Zusammenhang mit der Ausschreibung an:<\/p>\n<ul>\n<li>Analyse der Gegebenheiten und Anforderungen<\/li>\n<li>Grobplanung<\/li>\n<li>Feinplanung<\/li>\n<li>Entwicklung einer Bewertungsmatrix f\u00fcr die Vergabe<\/li>\n<li>Erstellung der Ausschreibungsunterlagen<\/li>\n<li>Angebotsbewertung und Vergabevorschlag<\/li>\n<\/ul>\n<h3>Umsetzung<br \/>\nAnalyse und Planung<\/h3>\n<p>In intensiven Gespr\u00e4chen mit der Schulleitung und dem IT-Referat des Bezirks Mittelfranken wurden die Projektanforderungen analysiert. Basierend auf den Ergebnissen entstand ein Grobkonzept f\u00fcr die technische Realisierung. Zu ber\u00fccksichtigen waren neben den technischen Anforderungen auch die Sicherheitsanspr\u00fcche eines geregelten Schulbetriebs sowie die Leistungsanforderungen f\u00fcr eine Ausbildung in CAD und CAP.<br \/>\nDas Grobkonzept wurde in diversen Abstimmungsgespr\u00e4chen optimiert, sodass abschlie\u00dfend die Feinplanung m\u00f6glich war.<\/p>\n<ul>\n<li>Die technische Realisierung st\u00fctzt sich auf diese Komponenten:<\/li>\n<li>Netzwerk (GBit-Ethernet) mit redundanten Core-Switches und redundanter Anbindung der Edge-Switches<\/li>\n<li>VLANs teils isoliert, teils geroutet f\u00fcr Lehrer, Sch\u00fcler und G\u00e4ste, Server und DMZ<\/li>\n<li>Zentrale Storage-L\u00f6sung mit iSCSI und CIFS<\/li>\n<li>Network-Admission-Control mit Packetfence (Open Source)<\/li>\n<li>Redundante Serveranbindung an Core-Switches per NIC-Teaming<\/li>\n<li>Redundante zentrale Fileserver<\/li>\n<li>Mail- und Web-Proxy mit Contentfilter auf Layer 7<\/li>\n<li>Exchangeserver<\/li>\n<li>Disk-to-Disk-to-Tape-Sicherung<\/li>\n<li>Bereitstellung folgender Microsoft-Dienste:\n<ul>\n<li>DHCP, DNS, Richtlinienserver, Lizenzserver, redundante WSUS<\/li>\n<li>Filedienste DFS und FRS<\/li>\n<li>Windows-SharePoint-Services<\/li>\n<li>WWW-Server und ASP.Net<\/li>\n<\/ul>\n<\/li>\n<li>Bereitstellung folgender Linux-Dienste:\n<ul>\n<li>Log-Server<\/li>\n<li>SNMP<\/li>\n<li>SMTP<\/li>\n<li>Redundante Internetanbindung<\/li>\n<\/ul>\n<\/li>\n<\/ul>\n<h3>Ausschreibung<\/h3>\n<p>Entsprechend der Feinplanung erarbeitete KPConsult GmbH die technischen Spezifikationen und sonstigen Inhalte f\u00fcr die Ausschreibung. Die besonderen Kriterien f\u00fcr Ausschreibungen im europaweiten Kontext wurden dabei beachtet. Die Bewertungsmatrix f\u00fcr das Beurteilen der Bewerbungen wurde in Absprache mit dem Bezirk erstellt und ver\u00f6ffentlicht.<\/p>\n<h3>Pr\u00fcfung und Vergabevorschl\u00e4ge<\/h3>\n<p>Nach Ablauf der Ausschreibungs- und Widerspruchsphase pr\u00fcfte KPConsult GmbH die g\u00fcltigen Bewerbungen f\u00fcr die Lose der Ausschreibung nach technischen Kriterien. Die g\u00fcltigen Angebote wurden anschlie\u00dfend gem\u00e4\u00df der Bewertungsmatrix gewichtet. Aufgrund der Ergebnisse der technischen Pr\u00fcfung und der Gewichtung erfolgten losweise Vergabevorschl\u00e4ge.<\/p>\n<h3>Mehrwert f\u00fcr den Auftraggeber<\/h3>\n<p>Durch professionelle Planung der IT-Architektur wurde eine wirtschaftlich und technisch optimale Ausstattung der Maschinenbauschule sichergestellt. Ein sinnvoller Mix aus kommerziellen Komponenten und Open-Source-Systemen half, die Kosten in wichtigen Bereichen zu minimieren.<br \/>\nDie Erfahrung und das Know-how von KPConsult GmbH sorgten daf\u00fcr, dass die Systemkomponenten einzeln und im Verbund praxistauglich und wartungsfreundlich sind und genau zu den Anforderungen der Maschinenbauschule passen.<\/p>\n<\/div><\/section><\/p><\/div>\n","protected":false},"excerpt":{"rendered":"","protected":false},"author":2,"featured_media":0,"parent":0,"menu_order":0,"comment_status":"closed","ping_status":"closed","template":"","meta":{"footnotes":""},"class_list":["post-382","page","type-page","status-publish","hentry"],"_links":{"self":[{"href":"https:\/\/www.kpconsult.de\/index.php\/wp-json\/wp\/v2\/pages\/382"}],"collection":[{"href":"https:\/\/www.kpconsult.de\/index.php\/wp-json\/wp\/v2\/pages"}],"about":[{"href":"https:\/\/www.kpconsult.de\/index.php\/wp-json\/wp\/v2\/types\/page"}],"author":[{"embeddable":true,"href":"https:\/\/www.kpconsult.de\/index.php\/wp-json\/wp\/v2\/users\/2"}],"replies":[{"embeddable":true,"href":"https:\/\/www.kpconsult.de\/index.php\/wp-json\/wp\/v2\/comments?post=382"}],"version-history":[{"count":3,"href":"https:\/\/www.kpconsult.de\/index.php\/wp-json\/wp\/v2\/pages\/382\/revisions"}],"predecessor-version":[{"id":1371,"href":"https:\/\/www.kpconsult.de\/index.php\/wp-json\/wp\/v2\/pages\/382\/revisions\/1371"}],"wp:attachment":[{"href":"https:\/\/www.kpconsult.de\/index.php\/wp-json\/wp\/v2\/media?parent=382"}],"curies":[{"name":"wp","href":"https:\/\/api.w.org\/{rel}","templated":true}]}}