{"id":371,"date":"2017-08-06T11:38:28","date_gmt":"2017-08-06T09:38:28","guid":{"rendered":"http:\/\/10.80.100.77\/knorr\/?page_id=371"},"modified":"2025-11-28T16:42:59","modified_gmt":"2025-11-28T15:42:59","slug":"it-sicherheit","status":"publish","type":"page","link":"https:\/\/www.kpconsult.de\/index.php\/it-sicherheit\/","title":{"rendered":"IT-Sicherheit"},"content":{"rendered":"<div id='full_slider_1'  class='avia-fullwidth-slider main_color avia-shadow   avia-builder-el-0  el_before_av_one_full  avia-builder-el-first   container_wrap sidebar_right' style=' '  ><div   data-size='featured_large'  data-lightbox_size='large'  data-animation='fade'  data-conditional_play=''  data-ids='988'  data-video_counter='0'  data-autoplay='true'  data-bg_slider='false'  data-slide_height=''  data-handle='av_slideshow_full'  data-interval='5'  data-class=' '  data-el_id=''  data-css_id=''  data-scroll_down=''  data-control_layout='av-control-minimal'  data-custom_markup=''  data-perma_caption=''  data-autoplay_stopper=''  data-image_attachment=''  data-min_height='0px'  data-lazy_loading='disabled'  data-src=''  data-position='top left'  data-repeat='no-repeat'  data-attach='scroll'  data-stretch=''  data-default-height='42'  class='avia-slideshow avia-slideshow-1  av-control-minimal av-default-height-applied avia-slideshow-featured_large av_slideshow_full   avia-fade-slider '  itemprop=\"image\" itemscope=\"itemscope\" itemtype=\"https:\/\/schema.org\/ImageObject\" ><ul class='avia-slideshow-inner ' style='padding-bottom: 33.333333333333%;' ><li  class=' av-single-slide slide-1 ' ><div data-rel='slideshow-1' class='avia-slide-wrap '   ><div class = \"caption_fullwidth av-slideshow-caption caption_right caption_right_framed caption_framed\"><div class = \"container caption_container\"><div class = \"slideshow_caption\"><div class = \"slideshow_inner_caption\"><div class = \"slideshow_align_caption\"><h2  style='font-size:35px; ' class='avia-caption-title  '  itemprop=\"name\" >Gelegenheit macht Diebe<\/h2><div class='avia-caption-content  '  itemprop=\"description\"  ><p>IT-Security wirkt nicht nur unternehmensintern. Auch Gesch\u00e4ftspartner legen Wert auf Vertraulichkeit, Verf\u00fcgbarkeit und Integrit\u00e4t ihrer Daten.<\/p>\n<\/div><a href='https:\/\/www.kpconsult.de\/index.php\/kontakt\/'  class='avia-slideshow-button avia-button avia-color-theme-color ' data-duration='800' data-easing='easeInOutQuad'>Anfrage senden<\/a><\/div><\/div><\/div><\/div><\/div><img decoding=\"async\" class=\"wp-image-988 avia-img-lazy-loading-not-988\"  src=\"https:\/\/www.kpconsult.de\/wp-content\/uploads\/sp_sicherheit.jpg\" width=\"1500\" height=\"500\" title='sp_sicherheit' alt=''  itemprop=\"thumbnailUrl\"   \/><\/div><\/li><\/ul><\/div><\/div><div id='after_full_slider_1'  class='main_color av_default_container_wrap container_wrap sidebar_right' style=' '  ><div class='container' ><div class='template-page content  av-content-small alpha units'><div class='post-entry post-entry-type-page post-entry-371'><div class='entry-content-wrapper clearfix'>\n<div class=\"flex_column av_one_full  flex_column_div av-zero-column-padding first  avia-builder-el-1  el_after_av_slideshow_full  avia-builder-el-no-sibling  \" style='border-radius:0px; '><p><div  style='padding-bottom:10px; ' class='av-special-heading av-special-heading-h2    avia-builder-el-2  el_before_av_textblock  avia-builder-el-first  '><h2 class='av-special-heading-tag '  itemprop=\"headline\"  >IT-Sicherheit<\/h2><div class='special-heading-border'><div class='special-heading-inner-border' ><\/div><\/div><\/div><br \/>\n<section class=\"av_textblock_section \"  itemscope=\"itemscope\" itemtype=\"https:\/\/schema.org\/CreativeWork\" ><div class='avia_textblock  '   itemprop=\"text\" ><p>Wie ist es um die IT-Sicherheit und das Risikomanagement bestellt? Die Gretchenfrage f\u00fcr jeden Verantwortlichen im Unternehmen.<\/p>\n<p>Weit \u00fcber die Abteilung Informationstechnik hinaus betrifft dieses Thema Menschen und Prozesse. Strategische Entscheidungen sind n\u00f6tig, um die organisatorischen Stukturen zu schaffen und erforderliche Ma\u00dfnahmen in die Gesch\u00e4ftsabl\u00e4ufe zu integrieren (z. B. nach den IT-Grundschutz-Katalogen des BSI, <a href=\"https:\/\/www.bsi.bund.de\/DE\/Themen\/Unternehmen-und-Organisationen\/Standards-und-Zertifizierung\/IT-Grundschutz\/it-grundschutz_node.html\">www.bsi.bund.de\/DE\/Themen\/ITGrundschutz\/itgrundschutz_node.html<\/a>).<\/p>\n<p>Langfristig angelegt setzt Risikomanagement auch nach au\u00dfen klare Signale. Immer mehr Gesch\u00e4ftspartner sch\u00e4tzen dies als Nachweis von Zuverl\u00e4ssigkeit und Professionalit\u00e4t. Ein echter Wettbewerbsvorteil.<\/p>\n<p>Auf dem Weg zu mehr IT-Sicherheit begleiten wir Sie gern. Wir helfen Ihnen, die Risiken f\u00fcr das Unternehmen realistisch einzusch\u00e4tzen und Ihre Sicherheitsrichtlinien zu formulieren. So sehen die einzelnen Schritte aus:<\/p>\n<ul>\n<li>Bestandsaufnahme (Sicherheitscheck)<\/li>\n<li>Ma\u00dfnahmenkatalog zur Verbesserung der Sicherheit<\/li>\n<li>Zeit- und Kostenplan f\u00fcr die Umsetzung<\/li>\n<li>Durchf\u00fchren und Koordinieren der Ma\u00dfnahmen<\/li>\n<li>Vorbereiten eines dauerhaften Sicherheitsprozesses, der jederzeit auditierbar ist<\/li>\n<\/ul>\n<p>Im Ergebnis k\u00f6nnen Sie wachsenden Gef\u00e4hrdungen auch bei begrenztem Ressourceneinsatz und mit sicherheitsbewusst agierenden Mitarbeitern angemessen begegnen.<\/p>\n<p>Aus der Praxis wissen wir, wo in mittelst\u00e4ndischen Unternehmen die meisten Sicherheitsprobleme auftreten. Deshalb unterst\u00fctzen wir Sie ganz gezielt.<\/p>\n<\/div><\/section><\/p><\/div>\n","protected":false},"excerpt":{"rendered":"","protected":false},"author":2,"featured_media":0,"parent":0,"menu_order":0,"comment_status":"closed","ping_status":"closed","template":"","meta":{"footnotes":""},"class_list":["post-371","page","type-page","status-publish","hentry"],"_links":{"self":[{"href":"https:\/\/www.kpconsult.de\/index.php\/wp-json\/wp\/v2\/pages\/371"}],"collection":[{"href":"https:\/\/www.kpconsult.de\/index.php\/wp-json\/wp\/v2\/pages"}],"about":[{"href":"https:\/\/www.kpconsult.de\/index.php\/wp-json\/wp\/v2\/types\/page"}],"author":[{"embeddable":true,"href":"https:\/\/www.kpconsult.de\/index.php\/wp-json\/wp\/v2\/users\/2"}],"replies":[{"embeddable":true,"href":"https:\/\/www.kpconsult.de\/index.php\/wp-json\/wp\/v2\/comments?post=371"}],"version-history":[{"count":3,"href":"https:\/\/www.kpconsult.de\/index.php\/wp-json\/wp\/v2\/pages\/371\/revisions"}],"predecessor-version":[{"id":1434,"href":"https:\/\/www.kpconsult.de\/index.php\/wp-json\/wp\/v2\/pages\/371\/revisions\/1434"}],"wp:attachment":[{"href":"https:\/\/www.kpconsult.de\/index.php\/wp-json\/wp\/v2\/media?parent=371"}],"curies":[{"name":"wp","href":"https:\/\/api.w.org\/{rel}","templated":true}]}}