{"id":369,"date":"2017-08-06T11:38:17","date_gmt":"2017-08-06T09:38:17","guid":{"rendered":"http:\/\/10.80.100.77\/knorr\/?page_id=369"},"modified":"2018-02-27T12:14:47","modified_gmt":"2018-02-27T11:14:47","slug":"netzwerktechnik","status":"publish","type":"page","link":"https:\/\/www.kpconsult.de\/index.php\/netzwerktechnik\/","title":{"rendered":"Netzwerktechnik"},"content":{"rendered":"<div id='full_slider_1'  class='avia-fullwidth-slider main_color avia-shadow   avia-builder-el-0  el_before_av_one_full  avia-builder-el-first   container_wrap sidebar_right' style=' '  ><div   data-size='featured_large'  data-lightbox_size='large'  data-animation='fade'  data-conditional_play=''  data-ids='999'  data-video_counter='0'  data-autoplay='true'  data-bg_slider='false'  data-slide_height=''  data-handle='av_slideshow_full'  data-interval='5'  data-class=' '  data-el_id=''  data-css_id=''  data-scroll_down=''  data-control_layout='av-control-minimal'  data-custom_markup=''  data-perma_caption=''  data-autoplay_stopper=''  data-image_attachment=''  data-min_height='0px'  data-lazy_loading='disabled'  data-src=''  data-position='top left'  data-repeat='no-repeat'  data-attach='scroll'  data-stretch=''  data-default-height='42'  class='avia-slideshow avia-slideshow-1  av-control-minimal av-default-height-applied avia-slideshow-featured_large av_slideshow_full   avia-fade-slider '  itemprop=\"image\" itemscope=\"itemscope\" itemtype=\"https:\/\/schema.org\/ImageObject\" ><ul class='avia-slideshow-inner ' style='padding-bottom: 33.333333333333%;' ><li  class=' av-single-slide slide-1 ' ><div data-rel='slideshow-1' class='avia-slide-wrap '   ><div class = \"caption_fullwidth av-slideshow-caption caption_left caption_left_framed caption_framed\"><div class = \"container caption_container\"><div class = \"slideshow_caption\"><div class = \"slideshow_inner_caption\"><div class = \"slideshow_align_caption\"><h2  style='font-size:35px; ' class='avia-caption-title  '  itemprop=\"name\" >Das Netzwerk ist die Basis<\/h2><div class='avia-caption-content  '  itemprop=\"description\"  ><p>Ihr Netzwerk muss funktionieren. Wir k\u00fcmmern uns darum. Von Aufbau, Wartung und \u00dcberwachung Ihrer Netzwerk-Infrastruktur h\u00e4ngt schlie\u00dflich die Leistungsf\u00e4higkeit Ihres Unternehmens ab.<\/p>\n<\/div><a href='https:\/\/www.kpconsult.de\/index.php\/kontakt\/'  class='avia-slideshow-button avia-button avia-color-theme-color ' data-duration='800' data-easing='easeInOutQuad'>Anfrage senden<\/a><\/div><\/div><\/div><\/div><\/div><img decoding=\"async\" class=\"wp-image-999 avia-img-lazy-loading-not-999\"  src=\"https:\/\/www.kpconsult.de\/wp-content\/uploads\/sr_referenzprojekte.jpg\" width=\"1500\" height=\"500\" title='sr_referenzprojekte' alt=''  itemprop=\"thumbnailUrl\"   \/><\/div><\/li><\/ul><\/div><\/div><div id='after_full_slider_1'  class='main_color av_default_container_wrap container_wrap sidebar_right' style=' '  ><div class='container' ><div class='template-page content  av-content-small alpha units'><div class='post-entry post-entry-type-page post-entry-369'><div class='entry-content-wrapper clearfix'>\n<div class=\"flex_column av_one_full  flex_column_div av-zero-column-padding first  avia-builder-el-1  el_after_av_slideshow_full  avia-builder-el-no-sibling  \" style='border-radius:0px; '><p><div  style='padding-bottom:10px; ' class='av-special-heading av-special-heading-h2    avia-builder-el-2  el_before_av_textblock  avia-builder-el-first  '><h2 class='av-special-heading-tag '  itemprop=\"headline\"  >Netzwerkinfrastrukturen<\/h2><div class='special-heading-border'><div class='special-heading-inner-border' ><\/div><\/div><\/div><br \/>\n<section class=\"av_textblock_section \"  itemscope=\"itemscope\" itemtype=\"https:\/\/schema.org\/CreativeWork\" ><div class='avia_textblock  '   itemprop=\"text\" ><p>Zuverl\u00e4ssige und performante Rechnernetze sind der Kitt zwischen fast allen IT-Komponenten, egal ob Hardware oder Software. Alle Abl\u00e4ufe \u00fcber System\u00adgren\u00adzen hinweg sind auf eine verl\u00e4ssliche Netzwerkinfrastruktur angewiesen. Bereits tempor\u00e4re Probleme in der Datenkommunikation k\u00f6nnen sich unangenehm auf den Gesch\u00e4ftsbetrieb auswirken.<\/p>\n<p>Netzwerktechnik betrifft Unternehmen nicht nur intern. Auch die Au\u00dfenwirkung steht damit in Zusammenhang. Wer nicht mehr per E-Mail kommunizieren kann, hat bald ein Problem mit seinen Gesch\u00e4ftspartnern.<\/p>\n<p>Im Rahmen eines geregelten Netzwerkbetriebs stellen sich unter anderem folgende Fragen:<\/p>\n<ul>\n<li>Ist unsere Infrastruktur angemessen leistungsf\u00e4hig?<\/li>\n<li>Wie ausfallsicher ist unsere Infrastruktur?<\/li>\n<li>Wie \u00fcberwachen wir unsere Infrastruktur?<\/li>\n<li>Wie performant (und redundant) ist die Anbindung unserer zentralen Komponenten?<\/li>\n<li>Wie zukunftsf\u00e4hig ist unser IP-Konzept?<\/li>\n<li>Ist eine VLAN-Struktur sinnvoll f\u00fcr uns?<\/li>\n<li>Wie tr\u00e4gt unser Netz zur IT-Sicherheit bei?<\/li>\n<\/ul>\n<p>Netzwerktechnik ist heute leistungsf\u00e4higer denn je. Die Produkte werden dabei immer komplexer. Wir erleben dies seit vielen Jahren und haben unser Augenmerk darauf gelegt, unsere Kompetenz in diesem Bereich stetig auszubauen.<\/p>\n<p>Netzwerkarchitekturen sind eine filigrane Angelegenheit. Professionelle Planung und Implementierung sind wichtige Voraussetzungen f\u00fcr das verl\u00e4ssliche Zusammenspiel der beteiligten aktiven und passiven Komponenten.<\/p>\n<h3>Sprechen Sie mit uns<\/h3>\n<p>Wir haben Erfahrung mit Netzwerktechnik von mittelst\u00e4ndischen Dimensionen bis hin zu \u00fcberregionalen Verbundnetzen.<\/p>\n<ul>\n<li>Wir arbeiten herstellerunabh\u00e4ngig.<\/li>\n<li>Wir planen und\/oder implementieren komplette Netzinfrastrukturen oder auch nur Teile davon.<\/li>\n<li>Wir f\u00fchren effektives Netzwerkmanagement ein.<\/li>\n<li>Wir administrieren und \u00fcberwachen den Betrieb im Rahmen unserer IT-Services.<\/li>\n<\/ul>\n<p>Netzwerke bilden das R\u00fcckgrat der Datenkommunikation im Unternehmen. Vorbeugen, erkennen, heilen. Das gilt auch f\u00fcr komplizierte Netzwerkstrukturen.<\/p>\n<\/div><\/section><\/p><\/div>\n","protected":false},"excerpt":{"rendered":"","protected":false},"author":2,"featured_media":0,"parent":0,"menu_order":0,"comment_status":"closed","ping_status":"closed","template":"","meta":{"footnotes":""},"class_list":["post-369","page","type-page","status-publish","hentry"],"_links":{"self":[{"href":"https:\/\/www.kpconsult.de\/index.php\/wp-json\/wp\/v2\/pages\/369"}],"collection":[{"href":"https:\/\/www.kpconsult.de\/index.php\/wp-json\/wp\/v2\/pages"}],"about":[{"href":"https:\/\/www.kpconsult.de\/index.php\/wp-json\/wp\/v2\/types\/page"}],"author":[{"embeddable":true,"href":"https:\/\/www.kpconsult.de\/index.php\/wp-json\/wp\/v2\/users\/2"}],"replies":[{"embeddable":true,"href":"https:\/\/www.kpconsult.de\/index.php\/wp-json\/wp\/v2\/comments?post=369"}],"version-history":[{"count":5,"href":"https:\/\/www.kpconsult.de\/index.php\/wp-json\/wp\/v2\/pages\/369\/revisions"}],"predecessor-version":[{"id":1433,"href":"https:\/\/www.kpconsult.de\/index.php\/wp-json\/wp\/v2\/pages\/369\/revisions\/1433"}],"wp:attachment":[{"href":"https:\/\/www.kpconsult.de\/index.php\/wp-json\/wp\/v2\/media?parent=369"}],"curies":[{"name":"wp","href":"https:\/\/api.w.org\/{rel}","templated":true}]}}