{"id":367,"date":"2017-08-06T11:38:08","date_gmt":"2017-08-06T09:38:08","guid":{"rendered":"http:\/\/10.80.100.77\/knorr\/?page_id=367"},"modified":"2018-01-29T11:58:38","modified_gmt":"2018-01-29T10:58:38","slug":"storage","status":"publish","type":"page","link":"https:\/\/www.kpconsult.de\/index.php\/storage\/","title":{"rendered":"Storage"},"content":{"rendered":"<div id='full_slider_1'  class='avia-fullwidth-slider main_color avia-shadow   avia-builder-el-0  el_before_av_one_full  avia-builder-el-first   container_wrap sidebar_right' style=' '  ><div   data-size='featured_large'  data-lightbox_size='large'  data-animation='fade'  data-conditional_play=''  data-ids='990'  data-video_counter='0'  data-autoplay='true'  data-bg_slider='false'  data-slide_height=''  data-handle='av_slideshow_full'  data-interval='5'  data-class=' '  data-el_id=''  data-css_id=''  data-scroll_down=''  data-control_layout='av-control-minimal'  data-custom_markup=''  data-perma_caption=''  data-autoplay_stopper=''  data-image_attachment=''  data-min_height='0px'  data-lazy_loading='disabled'  data-src=''  data-position='top left'  data-repeat='no-repeat'  data-attach='scroll'  data-stretch=''  data-default-height='42'  class='avia-slideshow avia-slideshow-1  av-control-minimal av-default-height-applied avia-slideshow-featured_large av_slideshow_full   avia-fade-slider '  itemprop=\"image\" itemscope=\"itemscope\" itemtype=\"https:\/\/schema.org\/ImageObject\" ><ul class='avia-slideshow-inner ' style='padding-bottom: 33.333333333333%;' ><li  class=' av-single-slide slide-1 ' ><div data-rel='slideshow-1' class='avia-slide-wrap '   ><div class = \"caption_fullwidth av-slideshow-caption caption_left caption_left_framed caption_framed\"><div class = \"container caption_container\"><div class = \"slideshow_caption\"><div class = \"slideshow_inner_caption\"><div class = \"slideshow_align_caption\"><h2  class='avia-caption-title  '  itemprop=\"name\" >Platten sind (k)eine L\u00f6sung<\/h2><div class='avia-caption-content  '  itemprop=\"description\"  ><p>Zentralisierte Datenspeicherung (Storage) bedeutet immer Investitionen. Umso wichtiger f\u00fcr Sie: Unabh\u00e4ngige Beratung statt Vertriebsinteressen im Systemhaus.<\/p>\n<\/div><a href='https:\/\/www.kpconsult.de\/index.php\/kontakt\/'  class='avia-slideshow-button avia-button avia-color-theme-color ' data-duration='800' data-easing='easeInOutQuad'>Anfrage senden<\/a><\/div><\/div><\/div><\/div><\/div><img decoding=\"async\" class=\"wp-image-990 avia-img-lazy-loading-not-990\"  src=\"https:\/\/www.kpconsult.de\/wp-content\/uploads\/sp_storage.jpg\" width=\"1500\" height=\"500\" title='sp_storage' alt=''  itemprop=\"thumbnailUrl\"   \/><\/div><\/li><\/ul><\/div><\/div><div id='after_full_slider_1'  class='main_color av_default_container_wrap container_wrap sidebar_right' style=' '  ><div class='container' ><div class='template-page content  av-content-small alpha units'><div class='post-entry post-entry-type-page post-entry-367'><div class='entry-content-wrapper clearfix'>\n<div class=\"flex_column av_one_full  flex_column_div av-zero-column-padding first  avia-builder-el-1  el_after_av_slideshow_full  avia-builder-el-no-sibling  \" style='border-radius:0px; '><p><div  style='padding-bottom:10px; ' class='av-special-heading av-special-heading-h2    avia-builder-el-2  el_before_av_textblock  avia-builder-el-first  '><h2 class='av-special-heading-tag '  itemprop=\"headline\"  >Storage<\/h2><div class='special-heading-border'><div class='special-heading-inner-border' ><\/div><\/div><\/div><br \/>\n<section class=\"av_textblock_section \"  itemscope=\"itemscope\" itemtype=\"https:\/\/schema.org\/CreativeWork\" ><div class='avia_textblock  '   itemprop=\"text\" ><p>Die Menge an digitalen Daten w\u00e4chst und w\u00e4chst. Aber wohin damit?<\/p>\n<p>Moderne Storage-L\u00f6sungen bieten Unternehmen die Sicherheit, dass ihre Daten entsprechend den Bestimmungen und dem eigenen Bedarf bestens aufbewahrt werden. Wenn ein paar Voraussetzungen stimmen:<\/p>\n<ul>\n<li><span style=\"color: #000000;\">ZENTRALISIERBARKEIT:\u00a0<\/span>Um Speicherressourcen flexibel unterschiedlichen Anwendungen zuordnen zu k\u00f6nnen, m\u00fcssen diese Ressourcen zentral verf\u00fcgbar und zu verwalten sein.<\/li>\n<li><span style=\"color: #000000;\">AUSFALLSICHERHEIT:<\/span> Zuverl\u00e4ssige Datenhaltung an zentraler Stelle setzt eine erh\u00f6hte Ausfallsicherheit der eingesetzten Systeme voraus.<\/li>\n<li><span style=\"color: #000000;\">SKALIERBARKEIT:<\/span> Datenwachstum und dynamische \u00c4nderungen des Speicherbedarfs ben\u00f6tigen eine Architektur, die sich m\u00f6glichst unterbrechungsfrei und flexibel erweitern l\u00e4sst.<\/li>\n<li><span style=\"color: #000000;\">VIRTUALISIERBARKEIT:<\/span> Wie bei der Rechnervirtualisierung sollten Storage-Ressourcen unabh\u00e4ngig von der physikalischen Limitierung in einem Pool verf\u00fcgbar und dynamisch den Anforderungen anzupassen sein.<\/li>\n<\/ul>\n<p>Mit ihrer Vielfalt von Funktionen und Features erleichtern zentralisierte Speichersysteme die Administration. Sie m\u00fcssen allerdings sinnvoll in die Bestandsumgebung integriert werden, dann k\u00f6nnen sie ihr Potenzial voll entfalten.<\/p>\n<p>Welche Storage-L\u00f6sung ist die richtige? Kommt drauf an:<\/p>\n<ul>\n<li>Welche realistischen Anforderungen haben Sie an die Performance (IOPS, Bandbreite)?<\/li>\n<li>Wie sieht die zeitliche Verteilung der Leistungsabforderung aus? Welche Lastspitzen sind zu erwarten?<\/li>\n<li>Welche Topologie eignet sich f\u00fcr Ihre Anforderungen am besten (iSCSI, FC oder FCoE)?<\/li>\n<li>Welche Szenarien gibt es, um Datenverlust und Stillstandszeiten zu vermeiden?<\/li>\n<li>Ist vor diesem Hintergrund eine Replizierung der Daten sinnvoll oder gar zwingend?<\/li>\n<li>Wie lange darf die Datenwiederherstellung maximal dauern?<\/li>\n<li>Wie l\u00e4sst sich die Storage-L\u00f6sung mit Servervirtualisierung integrieren oder erg\u00e4nzen?<\/li>\n<li>Wie wird sichergestellt, dass die Storage-L\u00f6sung richtig dimensioniert ist?<\/li>\n<\/ul>\n<p>Mit diesen und anderen Fragen kl\u00e4ren wir rechtzeitig, welche Produkte f\u00fcr Sie infrage kommen. Das Sch\u00f6ne ist: Bei einem wachsenden Storage-Markt sinken die Preise auf ertr\u00e4gliches Niveau.<\/p>\n<p>Dennoch zieht jede Entscheidung f\u00fcr ein bestimmtes Speichersystem langfristige Investitionen nach sich. Vertrauen Sie deshalb auf neutrale Expertise. Mit uns k\u00f6nnen Sie\u2019s machen.<\/p>\n<\/div><\/section><\/p><\/div>\n","protected":false},"excerpt":{"rendered":"","protected":false},"author":2,"featured_media":0,"parent":0,"menu_order":0,"comment_status":"closed","ping_status":"closed","template":"","meta":{"footnotes":""},"class_list":["post-367","page","type-page","status-publish","hentry"],"_links":{"self":[{"href":"https:\/\/www.kpconsult.de\/index.php\/wp-json\/wp\/v2\/pages\/367"}],"collection":[{"href":"https:\/\/www.kpconsult.de\/index.php\/wp-json\/wp\/v2\/pages"}],"about":[{"href":"https:\/\/www.kpconsult.de\/index.php\/wp-json\/wp\/v2\/types\/page"}],"author":[{"embeddable":true,"href":"https:\/\/www.kpconsult.de\/index.php\/wp-json\/wp\/v2\/users\/2"}],"replies":[{"embeddable":true,"href":"https:\/\/www.kpconsult.de\/index.php\/wp-json\/wp\/v2\/comments?post=367"}],"version-history":[{"count":2,"href":"https:\/\/www.kpconsult.de\/index.php\/wp-json\/wp\/v2\/pages\/367\/revisions"}],"predecessor-version":[{"id":1410,"href":"https:\/\/www.kpconsult.de\/index.php\/wp-json\/wp\/v2\/pages\/367\/revisions\/1410"}],"wp:attachment":[{"href":"https:\/\/www.kpconsult.de\/index.php\/wp-json\/wp\/v2\/media?parent=367"}],"curies":[{"name":"wp","href":"https:\/\/api.w.org\/{rel}","templated":true}]}}