{"id":363,"date":"2017-08-06T11:37:51","date_gmt":"2017-08-06T09:37:51","guid":{"rendered":"http:\/\/10.80.100.77\/knorr\/?page_id=363"},"modified":"2025-11-28T16:46:43","modified_gmt":"2025-11-28T15:46:43","slug":"microsoft-server","status":"publish","type":"page","link":"https:\/\/www.kpconsult.de\/index.php\/microsoft-server\/","title":{"rendered":"Microsoft Server"},"content":{"rendered":"<div id='full_slider_1'  class='avia-fullwidth-slider main_color avia-shadow   avia-builder-el-0  el_before_av_one_full  avia-builder-el-first   container_wrap sidebar_right' style=' '  ><div   data-size='featured_large'  data-lightbox_size='large'  data-animation='fade'  data-conditional_play=''  data-ids='985'  data-video_counter='0'  data-autoplay='true'  data-bg_slider='false'  data-slide_height=''  data-handle='av_slideshow_full'  data-interval='5'  data-class=' '  data-el_id=''  data-css_id=''  data-scroll_down=''  data-control_layout='av-control-minimal'  data-custom_markup=''  data-perma_caption=''  data-autoplay_stopper=''  data-image_attachment=''  data-min_height='0px'  data-lazy_loading='disabled'  data-src=''  data-position='top left'  data-repeat='no-repeat'  data-attach='scroll'  data-stretch=''  data-default-height='42'  class='avia-slideshow avia-slideshow-1  av-control-minimal av-default-height-applied avia-slideshow-featured_large av_slideshow_full   avia-fade-slider '  itemprop=\"image\" itemscope=\"itemscope\" itemtype=\"https:\/\/schema.org\/ImageObject\" ><ul class='avia-slideshow-inner ' style='padding-bottom: 33.333333333333%;' ><li  class=' av-single-slide slide-1 ' ><div data-rel='slideshow-1' class='avia-slide-wrap '   ><div class = \"caption_fullwidth av-slideshow-caption caption_left caption_left_framed caption_framed\"><div class = \"container caption_container\"><div class = \"slideshow_caption\"><div class = \"slideshow_inner_caption\"><div class = \"slideshow_align_caption\"><h2  class='avia-caption-title  '  itemprop=\"name\" >Partner von Microsoft<\/h2><div class='avia-caption-content  '  itemprop=\"description\"  ><p>F\u00fcr eine stabile Serverinfrastruktur: Server und serverbasierte Anwendungen von Microsoft betreuen und optimieren wir als zertifizierter Partner mit gr\u00f6\u00dfter Verl\u00e4sslichkeit.<\/p>\n<\/div><a href='https:\/\/www.kpconsult.de\/index.php\/kontakt\/'  class='avia-slideshow-button avia-button avia-color-light ' data-duration='800' data-easing='easeInOutQuad'>Anfrage senden<\/a><\/div><\/div><\/div><\/div><\/div><img decoding=\"async\" class=\"wp-image-985 avia-img-lazy-loading-not-985\"  src=\"https:\/\/www.kpconsult.de\/wp-content\/uploads\/sp_microsoftserver.jpg\" width=\"1500\" height=\"500\" title='sp_microsoftserver' alt=''  itemprop=\"thumbnailUrl\"   \/><\/div><\/li><\/ul><\/div><\/div><div id='after_full_slider_1'  class='main_color av_default_container_wrap container_wrap sidebar_right' style=' '  ><div class='container' ><div class='template-page content  av-content-small alpha units'><div class='post-entry post-entry-type-page post-entry-363'><div class='entry-content-wrapper clearfix'>\n<div class=\"flex_column av_one_full  flex_column_div av-zero-column-padding first  avia-builder-el-1  el_after_av_slideshow_full  avia-builder-el-no-sibling  \" style='border-radius:0px; '><p><div  style='padding-bottom:10px; ' class='av-special-heading av-special-heading-h2    avia-builder-el-2  el_before_av_textblock  avia-builder-el-first  '><h2 class='av-special-heading-tag '  itemprop=\"headline\"  >Microsoft-Server<\/h2><div class='special-heading-border'><div class='special-heading-inner-border' ><\/div><\/div><\/div><br \/>\n<section class=\"av_textblock_section \"  itemscope=\"itemscope\" itemtype=\"https:\/\/schema.org\/CreativeWork\" ><div class='avia_textblock  '   itemprop=\"text\" ><p>Baut Ihre IT-Infrastruktur auch auf Produkten von Microsoft auf? Gerade Server und serverbasierte Anwendungen sind weitverbreitet und bilden in ihrer Vielfalt einen eigenen Kosmos.<\/p>\n<p>Oft finden wir im Regelbetrieb gewachsene Systeme, deren Komponenten nicht optimal konfiguriert sind. Wenn Probleme auftreten, ist professionelle Unterst\u00fctzung gefragt.<\/p>\n<p>Mit unserem Know-how f\u00fcr Konzeption, Implementierung und Betrieb von Microsoft-Produkten zielen wir auf ein integriertes Gesamtsystem ab und geben technischen Support. Gern informieren wir Sie auch \u00fcber Optimierungspotenziale.<\/p>\n<p>Als Dienstleister f\u00fcr Consulting, Systemintegration und Softwareentwicklung haben wir laufend mit Microsoft-Infrastrukturen zu tun. Wir sind Experten auf diesem Gebiet \u2013 auch dank unserer Partnerschaft mit Microsoft.<\/p>\n<p>Profitieren Sie davon, dass wir:<\/p>\n<ul>\n<li>\u00fcber technologische \u00c4nderungen fr\u00fchzeitig informiert sind.<\/li>\n<li>in unserer Laborumgebung Regelbetriebsszenarien simulieren k\u00f6nnen.<\/li>\n<li>unsere Mitarbeiter regelm\u00e4\u00dfig in aktuellen Microsoft-Technologien schulen.<\/li>\n<li>umfangreiche Erfahrungen \u00fcber mehrere Systemgenerationen hinweg haben.<\/li>\n<li>sowohl \u00fcber Infrastrukturspezialisten als auch Entwickler verf\u00fcgen, sodass wir systemnahe Fragestellungen ebenfalls abdecken k\u00f6nnen.<\/li>\n<\/ul>\n<p>\u00dcbrigens: Wir sind in verschiedenen Welten zu Hause und behalten auch andere Plattformen (Unix\/Linux) im Blick.<\/p>\n<\/div><\/section><\/p><\/div>\n","protected":false},"excerpt":{"rendered":"","protected":false},"author":2,"featured_media":0,"parent":0,"menu_order":0,"comment_status":"closed","ping_status":"closed","template":"","meta":{"footnotes":""},"class_list":["post-363","page","type-page","status-publish","hentry"],"_links":{"self":[{"href":"https:\/\/www.kpconsult.de\/index.php\/wp-json\/wp\/v2\/pages\/363"}],"collection":[{"href":"https:\/\/www.kpconsult.de\/index.php\/wp-json\/wp\/v2\/pages"}],"about":[{"href":"https:\/\/www.kpconsult.de\/index.php\/wp-json\/wp\/v2\/types\/page"}],"author":[{"embeddable":true,"href":"https:\/\/www.kpconsult.de\/index.php\/wp-json\/wp\/v2\/users\/2"}],"replies":[{"embeddable":true,"href":"https:\/\/www.kpconsult.de\/index.php\/wp-json\/wp\/v2\/comments?post=363"}],"version-history":[{"count":3,"href":"https:\/\/www.kpconsult.de\/index.php\/wp-json\/wp\/v2\/pages\/363\/revisions"}],"predecessor-version":[{"id":1432,"href":"https:\/\/www.kpconsult.de\/index.php\/wp-json\/wp\/v2\/pages\/363\/revisions\/1432"}],"wp:attachment":[{"href":"https:\/\/www.kpconsult.de\/index.php\/wp-json\/wp\/v2\/media?parent=363"}],"curies":[{"name":"wp","href":"https:\/\/api.w.org\/{rel}","templated":true}]}}