{"id":359,"date":"2017-08-06T11:37:29","date_gmt":"2017-08-06T09:37:29","guid":{"rendered":"http:\/\/10.80.100.77\/knorr\/?page_id=359"},"modified":"2017-08-06T11:37:29","modified_gmt":"2017-08-06T09:37:29","slug":"sharepoint","status":"publish","type":"page","link":"https:\/\/www.kpconsult.de\/index.php\/sharepoint\/","title":{"rendered":"SharePoint"},"content":{"rendered":"<div id='full_slider_1'  class='avia-fullwidth-slider main_color avia-shadow   avia-builder-el-0  el_before_av_one_full  avia-builder-el-first   container_wrap sidebar_right' style=' '  ><div   data-size='featured_large'  data-lightbox_size='large'  data-animation='fade'  data-conditional_play=''  data-ids='687'  data-video_counter='0'  data-autoplay='true'  data-bg_slider='false'  data-slide_height=''  data-handle='av_slideshow_full'  data-interval='5'  data-class=' '  data-el_id=''  data-css_id=''  data-scroll_down=''  data-control_layout='av-control-minimal'  data-custom_markup=''  data-perma_caption=''  data-autoplay_stopper=''  data-image_attachment=''  data-min_height='0px'  data-lazy_loading='disabled'  data-src=''  data-position='top left'  data-repeat='no-repeat'  data-attach='scroll'  data-stretch=''  data-default-height='42'  class='avia-slideshow avia-slideshow-1  av-control-minimal av-default-height-applied avia-slideshow-featured_large av_slideshow_full   avia-fade-slider '  itemprop=\"image\" itemscope=\"itemscope\" itemtype=\"https:\/\/schema.org\/ImageObject\" ><ul class='avia-slideshow-inner ' style='padding-bottom: 42%;' ><\/ul><\/div><\/div><div id='after_full_slider_1'  class='main_color av_default_container_wrap container_wrap sidebar_right' style=' '  ><div class='container' ><div class='template-page content  av-content-small alpha units'><div class='post-entry post-entry-type-page post-entry-359'><div class='entry-content-wrapper clearfix'>\n<div class=\"flex_column av_one_full  flex_column_div av-zero-column-padding first  avia-builder-el-1  el_after_av_slideshow_full  avia-builder-el-no-sibling  \" style='border-radius:0px; '><p><div  style='padding-bottom:10px; ' class='av-special-heading av-special-heading-h2    avia-builder-el-2  el_before_av_textblock  avia-builder-el-first  '><h2 class='av-special-heading-tag '  itemprop=\"headline\"  >SharePoint<\/h2><div class='special-heading-border'><div class='special-heading-inner-border' ><\/div><\/div><\/div><br \/>\n<section class=\"av_textblock_section \"  itemscope=\"itemscope\" itemtype=\"https:\/\/schema.org\/CreativeWork\" ><div class='avia_textblock  '   itemprop=\"text\" ><p>Projekte gemeinsam verwalten und erfolgreich umsetzen \u2013 mit Microsoft SharePoint kein Hexenwerk. Wenn die Planung stimmt.<\/p>\n<p>Als zentrales Instrument zum Content- und Informationsmanagement bietet dieses webbasierte System eine F\u00fclle von M\u00f6glichkeiten. Anwender und Teams erhalten Zugriff auf die projektbezogenen Unternehmensinformationen, sie k\u00f6nnen den Workflow konsequent optimieren.<\/p>\n<p>Voraussetzung f\u00fcr effizientes Enterprise Content Management (ECM) ist die geeignete Strategie, um SharePoint zu strukturieren und zu nutzen. Als Microsoft-Partner sind wir mit allen Tools bestens vertraut und begleiten unsere Kunden bei der schrittweisen Einf\u00fchrung ebenso wie beim Betrieb der Anwendungen.<\/p>\n<p>Das haben Sie davon:<\/p>\n<ul>\n<li>Sie erfahren, welche Aspekte bei der Konzeption eines CMS und speziell f\u00fcr Ihr Sharepoint-Projekt wichtig sind.<\/li>\n<li>Sie erhalten einen detallierten Anforderungskatalog samt Dokumentation der geplanten Struktur, der verschiedenen Inhaltstypen und des Berechtigungssystems.<\/li>\n<li>Sie k\u00f6nnen ein zentrales Vokabular von Begriffen (Taxonomie) zur einheitlichen Verschlagwortung der Inhalte aufbauen.<\/li>\n<li>Sie bekommen f\u00fcr die Konzeptionsphase eine SharePoint-Testumgebung zur Verf\u00fcgung gestellt, die den Stand der Planung f\u00fcr alle Beteiligten nachvollziehbar macht.<\/li>\n<li>Auf Wunsch \u00fcbernehmen wir Wartung und Pflege der Serverfarm.<\/li>\n<\/ul>\n<p>So spielen Sie die Vorteile des Systems voll aus.<\/p>\n<\/div><\/section><\/p><\/div>\n","protected":false},"excerpt":{"rendered":"","protected":false},"author":2,"featured_media":0,"parent":0,"menu_order":0,"comment_status":"closed","ping_status":"closed","template":"","meta":{"footnotes":""},"class_list":["post-359","page","type-page","status-publish","hentry"],"_links":{"self":[{"href":"https:\/\/www.kpconsult.de\/index.php\/wp-json\/wp\/v2\/pages\/359"}],"collection":[{"href":"https:\/\/www.kpconsult.de\/index.php\/wp-json\/wp\/v2\/pages"}],"about":[{"href":"https:\/\/www.kpconsult.de\/index.php\/wp-json\/wp\/v2\/types\/page"}],"author":[{"embeddable":true,"href":"https:\/\/www.kpconsult.de\/index.php\/wp-json\/wp\/v2\/users\/2"}],"replies":[{"embeddable":true,"href":"https:\/\/www.kpconsult.de\/index.php\/wp-json\/wp\/v2\/comments?post=359"}],"version-history":[{"count":1,"href":"https:\/\/www.kpconsult.de\/index.php\/wp-json\/wp\/v2\/pages\/359\/revisions"}],"predecessor-version":[{"id":1404,"href":"https:\/\/www.kpconsult.de\/index.php\/wp-json\/wp\/v2\/pages\/359\/revisions\/1404"}],"wp:attachment":[{"href":"https:\/\/www.kpconsult.de\/index.php\/wp-json\/wp\/v2\/media?parent=359"}],"curies":[{"name":"wp","href":"https:\/\/api.w.org\/{rel}","templated":true}]}}