{"id":357,"date":"2017-08-06T11:36:55","date_gmt":"2017-08-06T09:36:55","guid":{"rendered":"http:\/\/10.80.100.77\/knorr\/?page_id=357"},"modified":"2018-07-20T09:16:30","modified_gmt":"2018-07-20T07:16:30","slug":"projektmanagement","status":"publish","type":"page","link":"https:\/\/www.kpconsult.de\/index.php\/projektmanagement\/","title":{"rendered":"Projektmanagement"},"content":{"rendered":"<div id='full_slider_1'  class='avia-fullwidth-slider main_color avia-shadow   avia-builder-el-0  el_before_av_one_full  avia-builder-el-first   container_wrap sidebar_right' style=' '  ><div   data-size='featured_large'  data-lightbox_size='large'  data-animation='fade'  data-conditional_play=''  data-ids='976'  data-video_counter='0'  data-autoplay='true'  data-bg_slider='false'  data-slide_height=''  data-handle='av_slideshow_full'  data-interval='5'  data-class=' '  data-el_id=''  data-css_id=''  data-scroll_down=''  data-control_layout='av-control-minimal'  data-custom_markup=''  data-perma_caption=''  data-autoplay_stopper=''  data-image_attachment=''  data-min_height='0px'  data-lazy_loading='disabled'  data-src=''  data-position='top left'  data-repeat='no-repeat'  data-attach='scroll'  data-stretch=''  data-default-height='42'  class='avia-slideshow avia-slideshow-1  av-control-minimal av-default-height-applied avia-slideshow-featured_large av_slideshow_full   avia-fade-slider '  itemprop=\"image\" itemscope=\"itemscope\" itemtype=\"https:\/\/schema.org\/ImageObject\" ><ul class='avia-slideshow-inner ' style='padding-bottom: 33.333333333333%;' ><li  class=' av-single-slide slide-1 ' ><div data-rel='slideshow-1' class='avia-slide-wrap '   ><div class = \"caption_fullwidth av-slideshow-caption caption_right caption_right_framed caption_framed\"><div class = \"container caption_container\"><div class = \"slideshow_caption\"><div class = \"slideshow_inner_caption\"><div class = \"slideshow_align_caption\"><h2  style='font-size:35px; ' class='avia-caption-title  '  itemprop=\"name\" >Projekte brauchen Regiearbeit<\/h2><div class='avia-caption-content  '  itemprop=\"description\"  ><p>Genaue Planung und effiziente Organisation sind die Basis von qualifiziertem Projektmanagement in der Informationstechnik. Unsere Spezialisten f\u00fchren IT-Projekte seit mehr als 20 Jahren methodisch und zielorientiert zum Erfolg.<\/p>\n<\/div><a href='https:\/\/www.kpconsult.de\/index.php\/kontakt\/'  class='avia-slideshow-button avia-button avia-color-theme-color ' data-duration='800' data-easing='easeInOutQuad'>Anfrage senden<\/a><\/div><\/div><\/div><\/div><\/div><img decoding=\"async\" class=\"wp-image-976 avia-img-lazy-loading-not-976\"  src=\"https:\/\/www.kpconsult.de\/wp-content\/uploads\/sk_projektmanagement2.jpg\" width=\"1500\" height=\"500\" title='sk_projektmanagement2' alt=''  itemprop=\"thumbnailUrl\"   \/><\/div><\/li><\/ul><\/div><\/div><div id='after_full_slider_1'  class='main_color av_default_container_wrap container_wrap sidebar_right' style=' '  ><div class='container' ><div class='template-page content  av-content-small alpha units'><div class='post-entry post-entry-type-page post-entry-357'><div class='entry-content-wrapper clearfix'>\n<div class=\"flex_column av_one_full  flex_column_div av-zero-column-padding first  avia-builder-el-1  el_after_av_slideshow_full  el_before_av_promobox  avia-builder-el-first  \" style='border-radius:0px; '><p><div  style='padding-bottom:10px; ' class='av-special-heading av-special-heading-h2    avia-builder-el-2  el_before_av_textblock  avia-builder-el-first  '><h2 class='av-special-heading-tag '  itemprop=\"headline\"  >Projektmanagement in der IT<\/h2><div class='special-heading-border'><div class='special-heading-inner-border' ><\/div><\/div><\/div><br \/>\n<section class=\"av_textblock_section \"  itemscope=\"itemscope\" itemtype=\"https:\/\/schema.org\/CreativeWork\" ><div class='avia_textblock  '   itemprop=\"text\" ><p>Ein Projekt planerisch und organisatorisch zu \u00fcberfrachten ist ineffizient, das Gegenteil gef\u00e4hrlich. F\u00fcr IT-Projekte gilt das umso mehr.<\/p>\n<p>Ohne qualifiziertes Projektmanagement droht erheblicher personeller und finanzieller Mehraufwand. Andere Projekte k\u00f6nnen sogar in Mitleidenschaft gezogen werden, und der erwartete wirtschaftliche Nutzen bleibt aus. Schlimmstenfalls verliert die Gesch\u00e4ftsleitung das Vertrauen in die Kompetenz der Verantwortlichen.<\/p>\n<p>Erfolgreiche IT-Projekte setzen einige Rahmenbedingungen voraus:<\/p>\n<ul>\n<li>Klare Fokussierung auf den Mehrwert, der generiert werden soll<\/li>\n<li>Ad\u00e4quate Formulierung der Projektziele<\/li>\n<li>Realistische Zeitkontingente f\u00fcr das Projekt insgesamt und alle Beteiligten<\/li>\n<li>Projektverantwortliche mit entsprechender Erfahrung, Qualifikation und Weisungsbefugnis<\/li>\n<li>Methodisches Projektmanagement, das der Aufgabenstellung entspricht<\/li>\n<\/ul>\n<p>Allzu oft werden Projekte begonnen, ohne dass diese Aspekte ausreichend Beachtung finden. Dabei entscheiden Gr\u00f6\u00dfe und genaue Aufgabenstellung \u00fcber die richtige Herangehensweise.<\/p>\n<h3>Sprechen Sie mit uns<\/h3>\n<p>Wir wissen, wie IT-Projekte \u2013 insbesondere auch Softwareprojekte \u2013 erfolgreich geplant und durchgef\u00fchrt werden. Unsere Spezialisten haben darin zum Teil \u00fcber 20 Jahre Praxiserfahrung. Sie planen und begleiten kompetent, methodisch und zielorientiert.<\/p>\n<p>IT-Projektplanung und -management sind eigenst\u00e4ndige Kompetenzen. Damit erg\u00e4nzen wir Ihre Teamkompetenz.<\/p>\n<h3>Auf das richtige Augenma\u00df kommt es an.<\/h3>\n<\/div><\/section><\/p><\/div>\n\t<div   class='av_promobox  avia-button-yes   avia-builder-el-4  el_after_av_one_full  avia-builder-el-last '>\t\t<div class='avia-promocontent'><\/p>\n<h3>Projekte brauchen Regiearbeit<\/h3>\n<p>Genaue Planung und effiziente Organisation sind die Basis von qualifiziertem Projektmanagement in der Informationstechnik. Unsere Spezialisten f\u00fchren IT-Projekte seit mehr als 20 Jahren methodisch und zielorientiert zum Erfolg.<\/p>\n<\/div><div  class='avia-button-wrap avia-button-right ' ><a href='https:\/\/www.kpconsult.de\/index.php\/kontakt\/'  class='avia-button  avia-color-theme-color   avia-icon_select-no avia-size-large avia-position-right '   ><span class='avia_iconbox_title' >Anfrage senden<\/span><\/a><\/div><\/div>\n","protected":false},"excerpt":{"rendered":"","protected":false},"author":2,"featured_media":0,"parent":0,"menu_order":0,"comment_status":"closed","ping_status":"closed","template":"","meta":{"footnotes":""},"class_list":["post-357","page","type-page","status-publish","hentry"],"_links":{"self":[{"href":"https:\/\/www.kpconsult.de\/index.php\/wp-json\/wp\/v2\/pages\/357"}],"collection":[{"href":"https:\/\/www.kpconsult.de\/index.php\/wp-json\/wp\/v2\/pages"}],"about":[{"href":"https:\/\/www.kpconsult.de\/index.php\/wp-json\/wp\/v2\/types\/page"}],"author":[{"embeddable":true,"href":"https:\/\/www.kpconsult.de\/index.php\/wp-json\/wp\/v2\/users\/2"}],"replies":[{"embeddable":true,"href":"https:\/\/www.kpconsult.de\/index.php\/wp-json\/wp\/v2\/comments?post=357"}],"version-history":[{"count":2,"href":"https:\/\/www.kpconsult.de\/index.php\/wp-json\/wp\/v2\/pages\/357\/revisions"}],"predecessor-version":[{"id":1401,"href":"https:\/\/www.kpconsult.de\/index.php\/wp-json\/wp\/v2\/pages\/357\/revisions\/1401"}],"wp:attachment":[{"href":"https:\/\/www.kpconsult.de\/index.php\/wp-json\/wp\/v2\/media?parent=357"}],"curies":[{"name":"wp","href":"https:\/\/api.w.org\/{rel}","templated":true}]}}