{"id":327,"date":"2017-07-16T08:59:17","date_gmt":"2017-07-16T06:59:17","guid":{"rendered":"http:\/\/10.80.100.77\/knorr\/?page_id=327"},"modified":"2025-11-28T16:43:42","modified_gmt":"2025-11-28T15:43:42","slug":"unternehmen","status":"publish","type":"page","link":"https:\/\/www.kpconsult.de\/index.php\/unternehmen\/","title":{"rendered":"Unternehmen"},"content":{"rendered":"<div id='full_slider_1'  class='avia-fullwidth-slider main_color avia-shadow   avia-builder-el-0  el_before_av_one_full  avia-builder-el-first   container_wrap sidebar_right' style=' '  ><div   data-size='featured_large'  data-lightbox_size='large'  data-animation='fade'  data-conditional_play=''  data-ids='1013'  data-video_counter='0'  data-autoplay='true'  data-bg_slider='false'  data-slide_height=''  data-handle='av_slideshow_full'  data-interval='5'  data-class=' '  data-el_id=''  data-css_id=''  data-scroll_down=''  data-control_layout='av-control-minimal'  data-custom_markup=''  data-perma_caption=''  data-autoplay_stopper=''  data-image_attachment=''  data-min_height='0px'  data-lazy_loading='disabled'  data-src=''  data-position='top left'  data-repeat='no-repeat'  data-attach='scroll'  data-stretch=''  data-default-height='42'  class='avia-slideshow avia-slideshow-1  av-control-minimal av-default-height-applied avia-slideshow-featured_large av_slideshow_full   avia-fade-slider '  itemprop=\"image\" itemscope=\"itemscope\" itemtype=\"https:\/\/schema.org\/ImageObject\" ><ul class='avia-slideshow-inner ' style='padding-bottom: 33.333333333333%;' ><li  class=' av-single-slide slide-1 ' ><div data-rel='slideshow-1' class='avia-slide-wrap '   ><img decoding=\"async\" class=\"wp-image-1013 avia-img-lazy-loading-not-1013\"  src=\"https:\/\/www.kpconsult.de\/wp-content\/uploads\/sv_knorrunternehmen.jpg\" width=\"1500\" height=\"500\" title='sv_knorrunternehmen' alt=''  itemprop=\"thumbnailUrl\"   \/><\/div><\/li><\/ul><\/div><\/div><div id='after_full_slider_1'  class='main_color av_default_container_wrap container_wrap sidebar_right' style=' '  ><div class='container' ><div class='template-page content  av-content-small alpha units'><div class='post-entry post-entry-type-page post-entry-327'><div class='entry-content-wrapper clearfix'>\n<div class=\"flex_column av_one_full  flex_column_div av-zero-column-padding first  avia-builder-el-1  el_after_av_slideshow_full  avia-builder-el-no-sibling  \" style='border-radius:0px; '><p><div  style='padding-bottom:10px; ' class='av-special-heading av-special-heading-h2    avia-builder-el-2  el_before_av_textblock  avia-builder-el-first  '><h2 class='av-special-heading-tag '  itemprop=\"headline\"  >Unser Unternehmen<\/h2><div class='special-heading-border'><div class='special-heading-inner-border' ><\/div><\/div><\/div><br \/>\n<section class=\"av_textblock_section \"  itemscope=\"itemscope\" itemtype=\"https:\/\/schema.org\/CreativeWork\" ><div class='avia_textblock  '   itemprop=\"text\" ><p>Seit 1999 unterst\u00fctzt KPConsult GmbH Unternehmen und Beh\u00f6rden engagiert und erfolgreich beim effizienten Einsatz von Informationstechnik.<\/p>\n<p>Als Ingenieurgesellschaft<b><\/b> sind wir dem Selbstverst\u00e4ndnis der freien Berufe verpflichtet und daher technisch beratend und begleitend t\u00e4tig. Unsere Dienstleistungen erbringen wir unabh\u00e4ngig, frei von produktbezogenen Vertriebsinteressen, zum Vorteil unserer Kunden.<\/p>\n<p>Im Rahmen konkreter Projektarbeit begleiten wir die Umsetzung der Beratungsergebnisse in die Praxis. Unser Plus: das bestens ausgestattete eigene Rechenzentrum zu Laborzwecken. Hier arbeiten wir an spezifischen L\u00f6sungen f\u00fcr unsere Kunden, und Sie k\u00f6nnen \u00fcber VPN-Verbindungen auf Ihre jeweilige Projektumgebung zugreifen.<\/p>\n<p>Alle unsere Consultants verf\u00fcgen \u00fcber ein abgeschlossenes Hochschulstudium und langj\u00e4hrige Berufserfahrung. Unsere Berater sind Mitglieder beim\u00a0Institute of Electrical and Electronics Engineers\u00a0<a href=\"https:\/\/www.ieee.org\/index.html\">(IEEE)<\/a>, dem Verein Deutscher Ingenieure <a href=\"https:\/\/www.vdi.de\/\" target=\"_blank\" rel=\"noopener\">(VDI)<\/a> und der Gesellschaft f\u00fcr Informatik <a href=\"https:\/\/www.gi.de\/\" target=\"_blank\" rel=\"noopener\">(GI)<\/a>.<\/p>\n<h3>Optimale Voraussetzungen f\u00fcr hohe Qualit\u00e4t.<\/h3>\n<\/div><\/section><br \/>\n<div  style='height:30px' class='hr hr-invisible   avia-builder-el-4  el_after_av_textblock  el_before_av_textblock '><span class='hr-inner ' ><span class='hr-inner-style'><\/span><\/span><\/div><br \/>\n<section class=\"av_textblock_section \"  itemscope=\"itemscope\" itemtype=\"https:\/\/schema.org\/CreativeWork\" ><div class='avia_textblock  '   itemprop=\"text\" ><h5>KPConsult GmbH<\/h5>\n<p>Ingenieure, Informatiker, IT-Consultants<\/p>\n<\/div><\/section><\/p><\/div>\n","protected":false},"excerpt":{"rendered":"","protected":false},"author":2,"featured_media":0,"parent":0,"menu_order":0,"comment_status":"closed","ping_status":"closed","template":"","meta":{"footnotes":""},"class_list":["post-327","page","type-page","status-publish","hentry"],"_links":{"self":[{"href":"https:\/\/www.kpconsult.de\/index.php\/wp-json\/wp\/v2\/pages\/327"}],"collection":[{"href":"https:\/\/www.kpconsult.de\/index.php\/wp-json\/wp\/v2\/pages"}],"about":[{"href":"https:\/\/www.kpconsult.de\/index.php\/wp-json\/wp\/v2\/types\/page"}],"author":[{"embeddable":true,"href":"https:\/\/www.kpconsult.de\/index.php\/wp-json\/wp\/v2\/users\/2"}],"replies":[{"embeddable":true,"href":"https:\/\/www.kpconsult.de\/index.php\/wp-json\/wp\/v2\/comments?post=327"}],"version-history":[{"count":7,"href":"https:\/\/www.kpconsult.de\/index.php\/wp-json\/wp\/v2\/pages\/327\/revisions"}],"predecessor-version":[{"id":1436,"href":"https:\/\/www.kpconsult.de\/index.php\/wp-json\/wp\/v2\/pages\/327\/revisions\/1436"}],"wp:attachment":[{"href":"https:\/\/www.kpconsult.de\/index.php\/wp-json\/wp\/v2\/media?parent=327"}],"curies":[{"name":"wp","href":"https:\/\/api.w.org\/{rel}","templated":true}]}}