{"id":266,"date":"2017-07-14T11:30:39","date_gmt":"2017-07-14T09:30:39","guid":{"rendered":"http:\/\/10.80.100.77\/knorr\/?page_id=266"},"modified":"2018-07-20T09:11:38","modified_gmt":"2018-07-20T07:11:38","slug":"softwareentwicklung","status":"publish","type":"page","link":"https:\/\/www.kpconsult.de\/index.php\/softwareentwicklung\/","title":{"rendered":"Softwareentwicklung"},"content":{"rendered":"<div id='full_slider_1'  class='avia-fullwidth-slider main_color avia-shadow   avia-builder-el-0  el_before_av_one_full  avia-builder-el-first   container_wrap sidebar_right' style=' '  ><div   data-size='featured_large'  data-lightbox_size='large'  data-animation='fade'  data-conditional_play=''  data-ids='977'  data-video_counter='0'  data-autoplay='true'  data-bg_slider='false'  data-slide_height=''  data-handle='av_slideshow_full'  data-interval='5'  data-class=' '  data-el_id=''  data-css_id=''  data-scroll_down=''  data-control_layout='av-control-minimal'  data-custom_markup=''  data-perma_caption=''  data-autoplay_stopper=''  data-image_attachment=''  data-min_height='0px'  data-lazy_loading='disabled'  data-src=''  data-position='top left'  data-repeat='no-repeat'  data-attach='scroll'  data-stretch=''  data-default-height='42'  class='avia-slideshow avia-slideshow-1  av-control-minimal av-default-height-applied avia-slideshow-featured_large av_slideshow_full   avia-fade-slider '  itemprop=\"image\" itemscope=\"itemscope\" itemtype=\"https:\/\/schema.org\/ImageObject\" ><ul class='avia-slideshow-inner ' style='padding-bottom: 33.333333333333%;' ><li  class=' av-single-slide slide-1 ' ><div data-rel='slideshow-1' class='avia-slide-wrap '   ><div class = \"caption_fullwidth av-slideshow-caption caption_left caption_left_framed caption_framed\"><div class = \"container caption_container\"><div class = \"slideshow_caption\"><div class = \"slideshow_inner_caption\"><div class = \"slideshow_align_caption\"><h2  class='avia-caption-title  '  itemprop=\"name\" >Nichts dem Zufall \u00fcberlassen<\/h2><div class='avia-caption-content  '  itemprop=\"description\"  ><p>Professionelle Entwicklung von Software reicht von der Analyse \u00fcber Konzeption, Modellierung, Programmierung und Deployment bis zur Pflege des Produkts.<\/p>\n<\/div><a href='https:\/\/www.kpconsult.de\/index.php\/kontakt\/'  class='avia-slideshow-button avia-button avia-color-theme-color ' data-duration='800' data-easing='easeInOutQuad'>Anfrage senden<\/a><\/div><\/div><\/div><\/div><\/div><img decoding=\"async\" class=\"wp-image-977 avia-img-lazy-loading-not-977\"  src=\"https:\/\/www.kpconsult.de\/wp-content\/uploads\/sk_softwareentwicklung.jpg\" width=\"1500\" height=\"500\" title='sk_softwareentwicklung' alt=''  itemprop=\"thumbnailUrl\"   \/><\/div><\/li><\/ul><\/div><\/div><div id='after_full_slider_1'  class='main_color av_default_container_wrap container_wrap sidebar_right' style=' '  ><div class='container' ><div class='template-page content  av-content-small alpha units'><div class='post-entry post-entry-type-page post-entry-266'><div class='entry-content-wrapper clearfix'>\n<div class=\"flex_column av_one_full  flex_column_div av-zero-column-padding first  avia-builder-el-1  el_after_av_slideshow_full  avia-builder-el-no-sibling  \" style='border-radius:0px; '><p><div  style='padding-bottom:10px; ' class='av-special-heading av-special-heading-h2    avia-builder-el-2  el_before_av_textblock  avia-builder-el-first  '><h2 class='av-special-heading-tag '  itemprop=\"headline\"  >Softwareentwicklung<\/h2><div class='special-heading-border'><div class='special-heading-inner-border' ><\/div><\/div><\/div><br \/>\n<section class=\"av_textblock_section \"  itemscope=\"itemscope\" itemtype=\"https:\/\/schema.org\/CreativeWork\" ><div class='avia_textblock  '   itemprop=\"text\" ><p>Um betriebliche Abl\u00e4ufe in der Informationstechnik abzubilden, greifen Unternehmen gerne auf Standardsoftware zur\u00fcck. F\u00fcr manche Anforderungen gibt es allerdings keine vorgefertigten Produkte, so dass\u00a0f\u00fcr spezielle Einsatzzwecke\u00a0Software entwickelt werden muss.<\/p>\n<p>Bei Softwareprojekten sind verschiedene Aspekte f\u00fcr den Erfolg ausschlaggebend:<\/p>\n<ul>\n<li>Die Projektziele d\u00fcrfen nicht zu ambitioniert sein. Ein realistischer Mehrwert und die Machbarkeit m\u00fcssen im Vordergrund stehen.<\/li>\n<li>Dem Entwicklungsprozess muss ein passendes Engineering-Konzept zugrunde liegen. Dabei gilt es, sowohl methodische als auch b\u00fcrokratische \u00dcber\u00adtrei\u00adbun\u00adgen zu vermeiden.<\/li>\n<li>Die Anforderungskataloge und Spezifikationen (Requirements) d\u00fcrfen weder zu lax noch zu starr formuliert sein. Gezieltes Requirement-Engineering zahlt sich immer aus.<\/li>\n<li>Kommunikationsbarrieren zwischen Fachanwendern und Entwicklern m\u00fcssen beseitigt werden. Beide sind in anderen Welten zuhause und sprechen daher nicht von Beginn an die gleiche Sprache.<\/li>\n<li>Die Motivation der Beteiligten muss \u00fcber die Projektlaufzeit erhalten werden.<\/li>\n<li>Die Zeit- und Budgetvorstellungen m\u00fcssen realistisch sein.<\/li>\n<\/ul>\n<p>All diese Aspekte beeinflussen die Qualit\u00e4t und die Kosten eines Projektes.<\/p>\n<h2>Sprechen Sie mit uns<\/h2>\n<p>Wir entwickeln seit 1999 erfolgreich Software f\u00fcr unsere Auftraggeber. Um\u00adfang\u00adreiche und hochkomplexe Anwendungen sind darunter.\u00a0<a href=\"https:\/\/www.kpconsult.de\/index.php\/softwareentwicklung-2\/\">Wir wissen, wie man Software macht.<\/a><\/p>\n<p>Im Mittelpunkt unseres Ansatzes steht ein flexibler Entwicklungsprozess, der es erlaubt, in kurzen Abst\u00e4nden lauff\u00e4hige Teilergebnisse zu produzieren. So bleibt der Projektfortschritt transparent und steuerbar.<\/p>\n<p>Wir zerlegen die Entwicklungsphase in \u00fcberschaubare Einzelschritte, die in Zeit\u00adab\u00adschnitten von einigen Wochen zu bewerkstelligen sind. Jeder Schritt beinhaltet die Realisierung einer definierten Anzahl von Features. \u00dcber die Priorit\u00e4t, mit der Features implementiert werden, entscheidet der Auftraggeber.<\/p>\n<p>Nach jedem Schritt k\u00f6nnen die Priorit\u00e4ten neu festgelegt werden. Jeder Schritt produziert ein St\u00fcck &#8222;anfassbare&#8220; Software, weitergehende Erkenntnisse und vertieftes Verst\u00e4ndnis der Problemstellung inklusive. Die gewonnenen Erfahrungen werden am Ende jedes Schrittes analysiert und flie\u00dfen in die weitere Entwicklung ein. So entsteht ein adaptiver, sich selbst optimierender Prozess, der sich positiv auf die Qualit\u00e4t des Endproduktes auswirkt.<\/p>\n<\/div><\/section><\/p><\/div>\n","protected":false},"excerpt":{"rendered":"","protected":false},"author":2,"featured_media":0,"parent":0,"menu_order":0,"comment_status":"closed","ping_status":"closed","template":"","meta":{"footnotes":""},"class_list":["post-266","page","type-page","status-publish","hentry"],"_links":{"self":[{"href":"https:\/\/www.kpconsult.de\/index.php\/wp-json\/wp\/v2\/pages\/266"}],"collection":[{"href":"https:\/\/www.kpconsult.de\/index.php\/wp-json\/wp\/v2\/pages"}],"about":[{"href":"https:\/\/www.kpconsult.de\/index.php\/wp-json\/wp\/v2\/types\/page"}],"author":[{"embeddable":true,"href":"https:\/\/www.kpconsult.de\/index.php\/wp-json\/wp\/v2\/users\/2"}],"replies":[{"embeddable":true,"href":"https:\/\/www.kpconsult.de\/index.php\/wp-json\/wp\/v2\/comments?post=266"}],"version-history":[{"count":4,"href":"https:\/\/www.kpconsult.de\/index.php\/wp-json\/wp\/v2\/pages\/266\/revisions"}],"predecessor-version":[{"id":1407,"href":"https:\/\/www.kpconsult.de\/index.php\/wp-json\/wp\/v2\/pages\/266\/revisions\/1407"}],"wp:attachment":[{"href":"https:\/\/www.kpconsult.de\/index.php\/wp-json\/wp\/v2\/media?parent=266"}],"curies":[{"name":"wp","href":"https:\/\/api.w.org\/{rel}","templated":true}]}}