{"id":253,"date":"2017-07-14T11:18:23","date_gmt":"2017-07-14T09:18:23","guid":{"rendered":"http:\/\/10.80.100.77\/knorr\/?page_id=253"},"modified":"2018-01-29T09:50:11","modified_gmt":"2018-01-29T08:50:11","slug":"kompetenzen","status":"publish","type":"page","link":"https:\/\/www.kpconsult.de\/index.php\/kompetenzen\/","title":{"rendered":"Kompetenzen"},"content":{"rendered":"<div id='full_slider_1'  class='avia-fullwidth-slider main_color avia-shadow   avia-builder-el-0  el_before_av_heading  avia-builder-el-first   container_wrap sidebar_right' style=' '  ><div   data-size='featured_large'  data-lightbox_size='large'  data-animation='fade'  data-conditional_play=''  data-ids='1088'  data-video_counter='0'  data-autoplay='false'  data-bg_slider='false'  data-slide_height=''  data-handle='av_slideshow_full'  data-interval='10'  data-class=' '  data-el_id=''  data-css_id=''  data-scroll_down=''  data-control_layout='av-control-minimal'  data-custom_markup=''  data-perma_caption=''  data-autoplay_stopper=''  data-image_attachment=''  data-min_height='0px'  data-lazy_loading='disabled'  data-src=''  data-position='top left'  data-repeat='no-repeat'  data-attach='scroll'  data-stretch=''  data-default-height='42'  class='avia-slideshow avia-slideshow-1  av-control-minimal av-default-height-applied avia-slideshow-featured_large av_slideshow_full   avia-fade-slider '  itemprop=\"image\" itemscope=\"itemscope\" itemtype=\"https:\/\/schema.org\/ImageObject\" ><ul class='avia-slideshow-inner ' style='padding-bottom: 33.333333333333%;' ><li  class=' av-single-slide slide-1 ' ><div data-rel='slideshow-1' class='avia-slide-wrap '   ><div class = \"caption_fullwidth av-slideshow-caption caption_left caption_left_framed caption_framed\"><div class = \"container caption_container\"><div class = \"slideshow_caption\"><div class = \"slideshow_inner_caption\"><div class = \"slideshow_align_caption\"><h2  style='font-size:35px; ' class='avia-caption-title  '  itemprop=\"name\" >Wir wollen, dass Sie vorankommen<\/h2><div class='avia-caption-content  '  itemprop=\"description\"  ><p>Das komplette Dienstleistungsspektrum f\u00fcr den IT-Bereich: Consulting, Systemintegration, Betriebsunterst\u00fctzung, Software-Entwicklung und Projektmanagement.<br \/>\nIT-Dienstleistung als Aktivposten.<\/p>\n<\/div><a href='https:\/\/www.kpconsult.de\/index.php\/kontakt\/'  class='avia-slideshow-button avia-button avia-color-theme-color ' data-duration='800' data-easing='easeInOutQuad'>Anfrage senden<\/a><\/div><\/div><\/div><\/div><\/div><img decoding=\"async\" class=\"wp-image-1088 avia-img-lazy-loading-not-1088\"  src=\"https:\/\/www.kpconsult.de\/wp-content\/uploads\/sk_kompetenzen.jpg\" width=\"1500\" height=\"500\" title='sk_kompetenzen' alt=''  itemprop=\"thumbnailUrl\"   \/><\/div><\/li><\/ul><\/div><\/div><div id='after_full_slider_1'  class='main_color av_default_container_wrap container_wrap sidebar_right' style=' '  ><div class='container' ><div class='template-page content  av-content-small alpha units'><div class='post-entry post-entry-type-page post-entry-253'><div class='entry-content-wrapper clearfix'>\n<div  style='padding-bottom:10px; ' class='av-special-heading av-special-heading-h2    avia-builder-el-1  el_after_av_slideshow_full  el_before_av_textblock  avia-builder-el-first  '><h2 class='av-special-heading-tag '  itemprop=\"headline\"  >Kompetenzen<\/h2><div class='special-heading-border'><div class='special-heading-inner-border' ><\/div><\/div><\/div>\n<section class=\"av_textblock_section \"  itemscope=\"itemscope\" itemtype=\"https:\/\/schema.org\/CreativeWork\" ><div class='avia_textblock  '   itemprop=\"text\" ><p>Die Informationstechnik als Aktivposten im Unternehmen \u2013 daf\u00fcr stehen wir, mit allen unseren Kompetenzen.<\/p>\n<p>Wir unterst\u00fctzen unsere Kunden mit externem Sachverstand und effizienter Projektarbeit in der IT. Damit entlasten wir Sie in wichtigen Bereichen und schaffen Raum f\u00fcr Ihre kreative Arbeit.<\/p>\n<p>Unsere Leistungen bieten wir einzeln oder kombiniert an. Sie gliedern sich in die Kernbereiche Consulting, Softwareentwicklung und technische Unterst\u00fctzung.<\/p>\n<p>Auf den weiterf\u00fchrenden Seiten finden Sie einen \u00dcberblick \u00fcber unser Leistungsspektrum. Haben Sie Fragen? Sprechen Sie uns jederzeit an.<\/p>\n<\/div><\/section>\n","protected":false},"excerpt":{"rendered":"","protected":false},"author":2,"featured_media":0,"parent":0,"menu_order":0,"comment_status":"closed","ping_status":"closed","template":"","meta":{"footnotes":""},"class_list":["post-253","page","type-page","status-publish","hentry"],"_links":{"self":[{"href":"https:\/\/www.kpconsult.de\/index.php\/wp-json\/wp\/v2\/pages\/253"}],"collection":[{"href":"https:\/\/www.kpconsult.de\/index.php\/wp-json\/wp\/v2\/pages"}],"about":[{"href":"https:\/\/www.kpconsult.de\/index.php\/wp-json\/wp\/v2\/types\/page"}],"author":[{"embeddable":true,"href":"https:\/\/www.kpconsult.de\/index.php\/wp-json\/wp\/v2\/users\/2"}],"replies":[{"embeddable":true,"href":"https:\/\/www.kpconsult.de\/index.php\/wp-json\/wp\/v2\/comments?post=253"}],"version-history":[{"count":2,"href":"https:\/\/www.kpconsult.de\/index.php\/wp-json\/wp\/v2\/pages\/253\/revisions"}],"predecessor-version":[{"id":1428,"href":"https:\/\/www.kpconsult.de\/index.php\/wp-json\/wp\/v2\/pages\/253\/revisions\/1428"}],"wp:attachment":[{"href":"https:\/\/www.kpconsult.de\/index.php\/wp-json\/wp\/v2\/media?parent=253"}],"curies":[{"name":"wp","href":"https:\/\/api.w.org\/{rel}","templated":true}]}}