{"id":1263,"date":"2018-07-20T09:10:38","date_gmt":"2018-07-20T07:10:38","guid":{"rendered":"https:\/\/www.kpconsult.de\/?page_id=1263"},"modified":"2018-07-20T17:58:35","modified_gmt":"2018-07-20T15:58:35","slug":"datenschutz","status":"publish","type":"page","link":"https:\/\/www.kpconsult.de\/index.php\/datenschutz\/","title":{"rendered":"Datenschutz"},"content":{"rendered":"<div id='full_slider_1'  class='avia-fullwidth-slider main_color avia-shadow   avia-builder-el-0  el_before_av_one_full  avia-builder-el-first   container_wrap sidebar_right' style=' '  ><div   data-size='featured_large'  data-lightbox_size='large'  data-animation='fade'  data-conditional_play=''  data-ids='1307'  data-video_counter='0'  data-autoplay='true'  data-bg_slider='false'  data-slide_height=''  data-handle='av_slideshow_full'  data-interval='5'  data-class=' '  data-el_id=''  data-css_id=''  data-scroll_down=''  data-control_layout='av-control-minimal'  data-custom_markup=''  data-perma_caption=''  data-autoplay_stopper=''  data-image_attachment=''  data-min_height='0px'  data-lazy_loading='disabled'  data-src=''  data-position='top left'  data-repeat='no-repeat'  data-attach='scroll'  data-stretch=''  data-default-height='42'  class='avia-slideshow avia-slideshow-1  av-control-minimal av-default-height-applied avia-slideshow-featured_large av_slideshow_full   avia-fade-slider '  itemprop=\"image\" itemscope=\"itemscope\" itemtype=\"https:\/\/schema.org\/ImageObject\" ><ul class='avia-slideshow-inner ' style='padding-bottom: 33.333333333333%;' ><li  class=' av-single-slide slide-1 ' ><div data-rel='slideshow-1' class='avia-slide-wrap '   ><img decoding=\"async\" class=\"wp-image-1307 avia-img-lazy-loading-not-1307\"  src=\"https:\/\/www.kpconsult.de\/wp-content\/uploads\/sk_datenschutz.jpg\" width=\"1500\" height=\"500\" title='sk_datenschutz' alt=''  itemprop=\"thumbnailUrl\"   \/><\/div><\/li><\/ul><\/div><\/div><div id='after_full_slider_1'  class='main_color av_default_container_wrap container_wrap sidebar_right' style=' '  ><div class='container' ><div class='template-page content  av-content-small alpha units'><div class='post-entry post-entry-type-page post-entry-1263'><div class='entry-content-wrapper clearfix'>\n<div class=\"flex_column av_one_full  flex_column_div av-zero-column-padding first  avia-builder-el-1  el_after_av_slideshow_full  el_before_av_promobox  avia-builder-el-first  \" style='border-radius:0px; '><p><div  style='padding-bottom:10px; ' class='av-special-heading av-special-heading-h2    avia-builder-el-2  el_before_av_textblock  avia-builder-el-first  '><h2 class='av-special-heading-tag '  itemprop=\"headline\"  >Datenschutz<\/h2><div class='special-heading-border'><div class='special-heading-inner-border' ><\/div><\/div><\/div><br \/>\n<section class=\"av_textblock_section \"  itemscope=\"itemscope\" itemtype=\"https:\/\/schema.org\/CreativeWork\" ><div class='avia_textblock  '   itemprop=\"text\" ><p>Der Erfolg Ihres Unternehmens beruht auf dem aktiven Austausch mit Ihren Kunden und Gesch\u00e4ftspartnern. Dass Sie mit deren Daten verantwortungsvoll umgehen, ist selbstverst\u00e4ndlich f\u00fcr Sie und Ihre Mitarbeiter. Umgekehrt legen Sie als Betroffener ebenso viel Wert auf den Schutz Ihrer Privatsph\u00e4re.<\/p>\n<p>Mit der Einf\u00fchrung der Datenschutz-Grundverordnung (DS-GVO) gibt es ein Regelwerk, das die bisher schon geltende EU-Datenschutzrichtlinie ersetzt beziehungsweise erweitert. Noch steht die juristische Differenzierung der gesetzlichen Vorgaben aus. Aber unabh\u00e4ngig davon ist jeder Unternehmer und jeder Freiberufler gefordert, die Prinzipien* der Datenverarbeitung verl\u00e4sslich umzusetzen.<\/p>\n<p>Wie ist das praktisch m\u00f6glich und zugleich wirtschaftlich angemessen machbar?<\/p>\n<p>Gern beraten wir Sie individuell dazu und zu allen Fragen des Datenschutzes, sowohl was Ihre digitalen Prozesse betrifft als auch den rechtssicheren Umgang mit Dokumenten auf Papier. Erfahren Sie zum Beispiel:<\/p>\n<ul>\n<li>Welche Daten in meinem Unternehmen fallen unter den Begriff \u201epersonenbezogen\u201c?<\/li>\n<li>Was hei\u00dft \u201everarbeiten\u201c und was geh\u00f6rt ins Verarbeitungsverzeichnis?<\/li>\n<li>Wann brauche ich eine Datenschutzfolgenabsch\u00e4tzung?<\/li>\n<li>Wie implementiere ich sinnvolle L\u00f6schroutinen?<\/li>\n<\/ul>\n<p>Sie haben zehn oder mehr Mitarbeiter, die st\u00e4ndig mit personenbezogenen Daten umgehen? Dann ist ein Datenschutzbeauftragter vorgeschrieben. Sie k\u00f6nnen w\u00e4hlen: Benennen Sie einen internen Mitarbeiter mit entsprechender Kompetenz oder holen Sie sich gezielt Unterst\u00fctzung von au\u00dfen.<\/p>\n<p>Wir sind Profis in Sachen Informationssicherheit und Datenschutz. Als Ingenieure wissen wir, wie Sie die Vorgaben der DS-GVO einhalten k\u00f6nnen \u2013 einfach und transparent. Nutzen Sie die Vorteile eines externen Datenschutzbeauftragten und erhalten Sie von uns unter anderem:<\/p>\n<ul>\n<li>konkrete Empfehlungen zum aktuellen Handlungsbedarf<\/li>\n<li>Optimierung der technisch-organisatorischen Ma\u00dfnahmen<\/li>\n<li>Schulung, Sensibilisierung von Mitarbeitern<\/li>\n<li>fortlaufende Beratung zu Datenschutzthemen<\/li>\n<li>Fachwissen aus neutraler, unabh\u00e4ngiger Position au\u00dferhalb Ihrer Unternehmenshierarchie<\/li>\n<\/ul>\n<h3>Weil Datenschutz Ehrensache ist.<\/h3>\n<\/div><\/section><\/p><\/div>\n\t<div   class='av_promobox  avia-button-yes   avia-builder-el-4  el_after_av_one_full  el_before_av_textblock '>\t\t<div class='avia-promocontent'><\/p>\n<h3>Schnelleinstieg DSGVO<\/h3>\n<p>Informieren Sie sich unverbindlich \u00fcber unser Angebot und vereinbaren Sie einen Termin f\u00fcr Ihren kostenlosen Schnelleinstieg ins Thema Datenschutz.<\/p>\n<\/div><div  class='avia-button-wrap avia-button-right ' ><a href='https:\/\/www.kpconsult.de\/index.php\/kontakt\/'  class='avia-button  avia-color-theme-color   avia-icon_select-no avia-size-large avia-position-right '   ><span class='avia_iconbox_title' >Anfrage senden<\/span><\/a><\/div><\/div>\n<section class=\"av_textblock_section \"  itemscope=\"itemscope\" itemtype=\"https:\/\/schema.org\/CreativeWork\" ><div class='avia_textblock  '   itemprop=\"text\" ><p>* Prinzipien der DS-GVO: Rechtm\u00e4\u00dfigkeit, Zweckbindung, Datenminimierung (Datensparsamkeit), Richtigkeit, Speicherbegrenzung, Integrit\u00e4t und Vertraulichkeit sowie \u2013 ganz wichtig \u2013 Rechenschaftspflicht<\/p>\n<\/div><\/section>\n","protected":false},"excerpt":{"rendered":"","protected":false},"author":1,"featured_media":0,"parent":0,"menu_order":0,"comment_status":"closed","ping_status":"closed","template":"","meta":{"footnotes":""},"class_list":["post-1263","page","type-page","status-publish","hentry"],"_links":{"self":[{"href":"https:\/\/www.kpconsult.de\/index.php\/wp-json\/wp\/v2\/pages\/1263"}],"collection":[{"href":"https:\/\/www.kpconsult.de\/index.php\/wp-json\/wp\/v2\/pages"}],"about":[{"href":"https:\/\/www.kpconsult.de\/index.php\/wp-json\/wp\/v2\/types\/page"}],"author":[{"embeddable":true,"href":"https:\/\/www.kpconsult.de\/index.php\/wp-json\/wp\/v2\/users\/1"}],"replies":[{"embeddable":true,"href":"https:\/\/www.kpconsult.de\/index.php\/wp-json\/wp\/v2\/comments?post=1263"}],"version-history":[{"count":9,"href":"https:\/\/www.kpconsult.de\/index.php\/wp-json\/wp\/v2\/pages\/1263\/revisions"}],"predecessor-version":[{"id":1382,"href":"https:\/\/www.kpconsult.de\/index.php\/wp-json\/wp\/v2\/pages\/1263\/revisions\/1382"}],"wp:attachment":[{"href":"https:\/\/www.kpconsult.de\/index.php\/wp-json\/wp\/v2\/media?parent=1263"}],"curies":[{"name":"wp","href":"https:\/\/api.w.org\/{rel}","templated":true}]}}